{"id":8614,"date":"2025-11-21T11:48:07","date_gmt":"2025-11-21T10:48:07","guid":{"rendered":"https:\/\/cms-webdesign.ch\/rischke\/?page_id=8614"},"modified":"2026-02-25T14:42:05","modified_gmt":"2026-02-25T13:42:05","slug":"neck-pain-cervical-spine","status":"publish","type":"page","link":"https:\/\/www.spine-center-rischke.ch\/en\/behandlungen\/nackenschmerzen-hws\/","title":{"rendered":"Neck pain Cervical spine"},"content":{"rendered":"\t\t<div data-elementor-type=\"wp-page\" data-elementor-id=\"8614\" class=\"elementor elementor-8614\" data-elementor-post-type=\"page\">\n\t\t\t\t<div class=\"elementor-element elementor-element-55c6147 e-con-full e-flex e-con e-parent\" data-id=\"55c6147\" data-element_type=\"container\" data-e-type=\"container\" data-settings=\"{&quot;background_background&quot;:&quot;classic&quot;}\">\n\t\t<div class=\"elementor-element elementor-element-6006b11 e-con-full e-flex e-con e-child\" data-id=\"6006b11\" data-element_type=\"container\" data-e-type=\"container\" data-settings=\"{&quot;background_background&quot;:&quot;classic&quot;}\">\n\t\t<div class=\"elementor-element elementor-element-1604a1a e-con-full e-flex e-con e-child\" data-id=\"1604a1a\" data-element_type=\"container\" data-e-type=\"container\">\n\t\t<div class=\"elementor-element elementor-element-a0f87b1 e-con-full e-flex e-con e-child\" data-id=\"a0f87b1\" data-element_type=\"container\" data-e-type=\"container\">\n\t\t<div class=\"elementor-element elementor-element-be9c1e0 e-con-full e-flex e-con e-child\" data-id=\"be9c1e0\" data-element_type=\"container\" data-e-type=\"container\" data-settings=\"{&quot;background_background&quot;:&quot;classic&quot;}\">\n\t\t\t\t<\/div>\n\t\t\t\t<\/div>\n\t\t<div class=\"elementor-element elementor-element-10c4573 e-con-full e-flex e-con e-child\" data-id=\"10c4573\" data-element_type=\"container\" data-e-type=\"container\">\n\t\t\t\t<div class=\"elementor-element elementor-element-63e58f5 elementor-widget elementor-widget-heading\" data-id=\"63e58f5\" data-element_type=\"widget\" data-e-type=\"widget\" data-widget_type=\"heading.default\">\n\t\t\t\t<div class=\"elementor-widget-container\">\n\t\t\t\t\t<h1 class=\"elementor-heading-title elementor-size-default\">Nackenschmerzen \u2013 HWS-Syndrom\n<\/h1>\t\t\t\t<\/div>\n\t\t\t\t<\/div>\n\t\t\t\t<div class=\"elementor-element elementor-element-40c1f69 elementor-widget elementor-widget-heading\" data-id=\"40c1f69\" data-element_type=\"widget\" data-e-type=\"widget\" data-widget_type=\"heading.default\">\n\t\t\t\t<div class=\"elementor-widget-container\">\n\t\t\t\t\t<h2 class=\"elementor-heading-title elementor-size-default\">Halswirbels\u00e4ulenerkrankungen<\/h2>\t\t\t\t<\/div>\n\t\t\t\t<\/div>\n\t\t\t\t<div class=\"elementor-element elementor-element-725c20e elementor-widget elementor-widget-text-editor\" data-id=\"725c20e\" data-element_type=\"widget\" data-e-type=\"widget\" data-widget_type=\"text-editor.default\">\n\t\t\t\t<div class=\"elementor-widget-container\">\n\t\t\t\t\t\t\t\t\t<p>Hinter dem Begriff \u201cHWS-Syndrom\u201d verbergen sich viele Krankheitsbilder.<\/p><p>Die h\u00e4ufigsten Erkrankungen der Halswirbels\u00e4ule werden durch Unf\u00e4lle, insbesondere durch Sport- oder Verkehrsunf\u00e4lle verursacht. Typisch sind zum Beispiel Halswirbels\u00e4ulen-Distorsion ( sog. \u201cSchleudertrauma\u201d) und Wirbelbr\u00fcche. Diese m\u00fcssen zeitnah operiert werden, wenn Nerven- oder R\u00fcckenmarkssch\u00e4den drohen oder bestehen.<\/p><p>Bandscheibenvorf\u00e4lle an der HWS finden sich h\u00e4ufig in den unteren Halswirbels\u00e4ulen-Segmenten und k\u00f6nnen sich in Form von Nacken-Hinterhauptschmerzen, Nacken\u2013Schulter-Arm-Schmerzen mit Missempfindungen oder L\u00e4hmungen \u00e4u\u00dfern. Sollten diese durch Physiotherapie und Schmerztherapie nicht beherrschbar sein, ist eine Operation notwendig.<\/p>\t\t\t\t\t\t\t\t<\/div>\n\t\t\t\t<\/div>\n\t\t\t\t<div class=\"elementor-element elementor-element-94c5874 elementor-widget elementor-widget-heading\" data-id=\"94c5874\" data-element_type=\"widget\" data-e-type=\"widget\" data-widget_type=\"heading.default\">\n\t\t\t\t<div class=\"elementor-widget-container\">\n\t\t\t\t\t<h2 class=\"elementor-heading-title elementor-size-default\">Spinalkanalverengung<\/h2>\t\t\t\t<\/div>\n\t\t\t\t<\/div>\n\t\t\t\t<div class=\"elementor-element elementor-element-c4e1c3c elementor-widget elementor-widget-text-editor\" data-id=\"c4e1c3c\" data-element_type=\"widget\" data-e-type=\"widget\" data-widget_type=\"text-editor.default\">\n\t\t\t\t<div class=\"elementor-widget-container\">\n\t\t\t\t\t\t\t\t\t<p>Verschlei\u00dferscheinungen an der Wirbels\u00e4ule stimulieren die Selbstheilungskr\u00e4fte in unserem K\u00f6rper. Der K\u00f6rper reagiert mit dem Anbau von Knochengewebe, welche die Wirbel untereinander st\u00fctzen und stabilisieren sollen. H\u00e4ufig f\u00fchren diese Knochenanbauten zu einer Arthrose der Facettengelenke sowie Verengungen des Spinalkanals und der Nerven\u00f6ffnungen (Foramina). Die Folge sind starke Schmerzen, Bewegungseinschr\u00e4nkungen und ausstrahlende Schmerzen, welche unter Umst\u00e4nden zu L\u00e4hmungserscheinungen f\u00fchren k\u00f6nnen.<\/p>\t\t\t\t\t\t\t\t<\/div>\n\t\t\t\t<\/div>\n\t\t\t\t<div class=\"elementor-element elementor-element-8d9b2eb elementor-widget elementor-widget-heading\" data-id=\"8d9b2eb\" data-element_type=\"widget\" data-e-type=\"widget\" data-widget_type=\"heading.default\">\n\t\t\t\t<div class=\"elementor-widget-container\">\n\t\t\t\t\t<h2 class=\"elementor-heading-title elementor-size-default\">Dekompression (Entlastung des Spinalkanals)<\/h2>\t\t\t\t<\/div>\n\t\t\t\t<\/div>\n\t\t\t\t<div class=\"elementor-element elementor-element-bdc7fa0 elementor-widget elementor-widget-text-editor\" data-id=\"bdc7fa0\" data-element_type=\"widget\" data-e-type=\"widget\" data-widget_type=\"text-editor.default\">\n\t\t\t\t<div class=\"elementor-widget-container\">\n\t\t\t\t\t\t\t\t\t<p>Liegen neurologische Ausfallserscheinungen vor wie z.B. L\u00e4hmungen, Schmerzen, Missempfindungen oder Einschr\u00e4nkungen der Gehstrecke, sollte eine operative Entlastung des Spinalkanals (Dekompression) erfolgen. Bei diesem Eingriff kann es erforderlich sein, je nach Intensit\u00e4t der Knochenanbauten, diese zu entfernen. Die Entfernung dieser Knochenanbauten kann zu einer Instabilit\u00e4t der betroffenen Wirbelsegmente f\u00fchren. Diese m\u00fcssen dann stabilisiert werden. An der Halswirbels\u00e4ule kann eine Stabilisierung dynamisch durch die Implantation einer Bandscheibenprothese erfolgen. Unter Umst\u00e4nden ist jedoch auch eine Versteifung der Wirbel notwendig. Dies wird in Abh\u00e4ngigkeit vom Ausma\u00df der Stenose entschieden.<\/p><p>Ver\u00e4nderungen an der Wirbels\u00e4ule k\u00f6nnen aber auch angeboren sein oder erworben werden, etwa die idiopathische HWS- Skoliose (seitliche Verschiebung der Wirbels\u00e4ule). Diese bedarf einer speziellen Therapie in daf\u00fcr spezialisierten Skoliose-Zentren.<\/p><p>Auch Rheumatische Erkrankungen k\u00f6nnen insbesondere an den oberen Segmenten zur Instabilit\u00e4t mit m\u00f6glichen Nervenirritationen und Schmerzen f\u00fchren. Oft ist dann eine operative Stabilisierung erforderlich.<\/p>\t\t\t\t\t\t\t\t<\/div>\n\t\t\t\t<\/div>\n\t\t\t\t<div class=\"elementor-element elementor-element-8edeaef elementor-widget elementor-widget-shortcode\" data-id=\"8edeaef\" data-element_type=\"widget\" data-e-type=\"widget\" data-widget_type=\"shortcode.default\">\n\t\t\t\t<div class=\"elementor-widget-container\">\n\t\t\t\t\t\t\t<div class=\"elementor-shortcode\"><script type=\"application\/ld+json\">\r\n{\r\n  \"@context\": \"https:\/\/schema.org\",\r\n  \"@type\": \"MedicalWebPage\",\r\n  \"url\": \"https:\/\/www.spine-center-rischke.ch\/behandlungen\/nackenschmerzen-hws\/\",\r\n  \"lastReviewed\": \"2025-01-01\",\r\n  \"reviewedBy\": {\r\n    \"@type\": \"Physician\",\r\n    \"@id\": \"https:\/\/www.spine-center-rischke.ch\/prof-dr-med-b-rischke-phd\/#physician\",\r\n    \"name\": \"Prof. Dr. med. B. Rischke PhD\"\r\n  },\r\n  \"mainEntity\": {\r\n    \"@type\": \"MedicalCondition\",\r\n    \"@id\": \"https:\/\/www.spine-center-rischke.ch\/behandlungen\/nackenschmerzen-hws\/#condition\",\r\n    \"name\": \"Nackenschmerzen \u2013 HWS-Syndrom\",\r\n    \"alternateName\": [\"HWS-Syndrom\", \"Zervikalsyndrom\", \"Halswirbels\u00e4ulenerkrankungen\"],\r\n    \"description\": \"Hinter dem HWS-Syndrom verbergen sich zahlreiche Krankheitsbilder der Halswirbels\u00e4ule \u2013 von Schleudertraumata und Bandscheibenvorf\u00e4llen bis zu Spinalkanalverengungen durch degenerative Ver\u00e4nderungen.\",\r\n    \"associatedAnatomy\": {\r\n      \"@type\": \"AnatomicalStructure\",\r\n      \"name\": \"Halswirbels\u00e4ule (HWS)\",\r\n      \"bodyLocation\": \"Nacken \/ Hals\"\r\n    },\r\n    \"signOrSymptom\": [\r\n      {\r\n        \"@type\": \"MedicalSignOrSymptom\",\r\n        \"name\": \"Nacken-Hinterhauptschmerzen\"\r\n      },\r\n      {\r\n        \"@type\": \"MedicalSignOrSymptom\",\r\n        \"name\": \"Nacken-Schulter-Arm-Schmerzen\"\r\n      },\r\n      {\r\n        \"@type\": \"MedicalSignOrSymptom\",\r\n        \"name\": \"Missempfindungen\"\r\n      },\r\n      {\r\n        \"@type\": \"MedicalSignOrSymptom\",\r\n        \"name\": \"Bewegungseinschr\u00e4nkungen\"\r\n      },\r\n      {\r\n        \"@type\": \"MedicalSignOrSymptom\",\r\n        \"name\": \"L\u00e4hmungserscheinungen\"\r\n      }\r\n    ],\r\n    \"cause\": [\r\n      {\r\n        \"@type\": \"MedicalCause\",\r\n        \"name\": \"Unf\u00e4lle (Sport- oder Verkehrsunf\u00e4lle, Schleudertrauma)\"\r\n      },\r\n      {\r\n        \"@type\": \"MedicalCause\",\r\n        \"name\": \"Bandscheibenvorf\u00e4lle der HWS\"\r\n      },\r\n      {\r\n        \"@type\": \"MedicalCause\",\r\n        \"name\": \"Degenerative Verschleisserscheinungen und Spinalkanalverengung\"\r\n      }\r\n    ],\r\n    \"possibleTreatment\": [\r\n      {\r\n        \"@type\": \"MedicalTherapy\",\r\n        \"name\": \"Physiotherapie und Schmerztherapie\"\r\n      },\r\n      {\r\n        \"@type\": \"MedicalTherapy\",\r\n        \"name\": \"Operative Behandlung bei Nervenkompression\"\r\n      },\r\n      {\r\n        \"@type\": \"MedicalTherapy\",\r\n        \"name\": \"Bandscheibenprothese HWS\"\r\n      }\r\n    ]\r\n  }\r\n}\r\n<\/script>\r\n\r\n\r\n<\/div>\n\t\t\t\t\t\t<\/div>\n\t\t\t\t<\/div>\n\t\t\t\t<\/div>\n\t\t\t\t<\/div>\n\t\t\t\t<\/div>\n\t\t\t\t<\/div>\n\t\t\t\t<\/div>\n\t\t","protected":false},"excerpt":{"rendered":"<p>Nackenschmerzen \u2013 HWS-Syndrom Halswirbels\u00e4ulenerkrankungen Hinter dem Begriff \u201cHWS-Syndrom\u201d verbergen sich viele Krankheitsbilder. Die h\u00e4ufigsten Erkrankungen der Halswirbels\u00e4ule werden durch Unf\u00e4lle, insbesondere durch Sport- oder Verkehrsunf\u00e4lle verursacht. Typisch sind zum Beispiel Halswirbels\u00e4ulen-Distorsion ( sog. \u201cSchleudertrauma\u201d) und Wirbelbr\u00fcche. Diese m\u00fcssen zeitnah operiert werden, wenn Nerven- oder R\u00fcckenmarkssch\u00e4den drohen oder bestehen. Bandscheibenvorf\u00e4lle an der HWS finden sich h\u00e4ufig&#8230;<\/p>","protected":false},"author":1,"featured_media":0,"parent":5417,"menu_order":0,"comment_status":"closed","ping_status":"closed","template":"elementor_theme","meta":{"_kad_post_transparent":"default","_kad_post_title":"hide","_kad_post_layout":"fullwidth","_kad_post_sidebar_id":"","_kad_post_content_style":"unboxed","_kad_post_vertical_padding":"hide","_kad_post_feature":"hide","_kad_post_feature_position":"","_kad_post_header":false,"_kad_post_footer":false,"_kad_post_classname":"","footnotes":""},"class_list":["post-8614","page","type-page","status-publish","hentry"],"yoast_head":"<!-- This site is optimized with the Yoast SEO plugin v27.4 - https:\/\/yoast.com\/product\/yoast-seo-wordpress\/ -->\n<title>Nackenschmerzen HWS behandeln | Spine Center Rischke<\/title>\n<meta name=\"description\" content=\"Nackenschmerzen HWS im Wirbels\u00e4ulenzentrum Z\u00fcrich behandeln! Ursachen erkennen, gezielt therapieren! \u00bb Jetzt Termin vereinbaren: \u260e +41 43 538 45 14\" \/>\n<meta name=\"robots\" content=\"index, follow, max-snippet:-1, max-image-preview:large, max-video-preview:-1\" \/>\n<link rel=\"canonical\" href=\"https:\/\/www.spine-center-rischke.ch\/en\/treatments\/neck-pain-cervical-spine\/\" \/>\n<meta property=\"og:locale\" content=\"en_GB\" \/>\n<meta property=\"og:type\" content=\"article\" \/>\n<meta property=\"og:title\" content=\"Nackenschmerzen HWS behandeln | Spine Center Rischke\" \/>\n<meta property=\"og:description\" content=\"Nackenschmerzen HWS im Wirbels\u00e4ulenzentrum Z\u00fcrich behandeln! Ursachen erkennen, gezielt therapieren! \u00bb Jetzt Termin vereinbaren: \u260e +41 43 538 45 14\" \/>\n<meta property=\"og:url\" content=\"https:\/\/www.spine-center-rischke.ch\/en\/treatments\/neck-pain-cervical-spine\/\" \/>\n<meta property=\"og:site_name\" content=\"Spine Center Rischke\" \/>\n<meta property=\"article:modified_time\" content=\"2026-02-25T13:42:05+00:00\" \/>\n<meta name=\"twitter:card\" content=\"summary_large_image\" \/>\n<meta name=\"twitter:label1\" content=\"Est. reading time\" \/>\n\t<meta name=\"twitter:data1\" content=\"2 minutes\" \/>\n<script type=\"application\/ld+json\" class=\"yoast-schema-graph\">{\"@context\":\"https:\\\/\\\/schema.org\",\"@graph\":[{\"@type\":\"WebPage\",\"@id\":\"https:\\\/\\\/www.spine-center-rischke.ch\\\/behandlungen\\\/nackenschmerzen-hws\\\/\",\"url\":\"https:\\\/\\\/www.spine-center-rischke.ch\\\/behandlungen\\\/nackenschmerzen-hws\\\/\",\"name\":\"Nackenschmerzen HWS behandeln | Spine Center Rischke\",\"isPartOf\":{\"@id\":\"https:\\\/\\\/www.spine-center-rischke.ch\\\/#website\"},\"datePublished\":\"2025-11-21T10:48:07+00:00\",\"dateModified\":\"2026-02-25T13:42:05+00:00\",\"description\":\"Nackenschmerzen HWS im Wirbels\u00e4ulenzentrum Z\u00fcrich behandeln! Ursachen erkennen, gezielt therapieren! \u00bb Jetzt Termin vereinbaren: \u260e +41 43 538 45 14\",\"breadcrumb\":{\"@id\":\"https:\\\/\\\/www.spine-center-rischke.ch\\\/behandlungen\\\/nackenschmerzen-hws\\\/#breadcrumb\"},\"inLanguage\":\"en-GB\",\"potentialAction\":[{\"@type\":\"ReadAction\",\"target\":[\"https:\\\/\\\/www.spine-center-rischke.ch\\\/behandlungen\\\/nackenschmerzen-hws\\\/\"]}]},{\"@type\":\"BreadcrumbList\",\"@id\":\"https:\\\/\\\/www.spine-center-rischke.ch\\\/behandlungen\\\/nackenschmerzen-hws\\\/#breadcrumb\",\"itemListElement\":[{\"@type\":\"ListItem\",\"position\":1,\"name\":\"Startseite\",\"item\":\"https:\\\/\\\/www.spine-center-rischke.ch\\\/\"},{\"@type\":\"ListItem\",\"position\":2,\"name\":\"Behandlungen\",\"item\":\"https:\\\/\\\/www.spine-center-rischke.ch\\\/behandlungen\\\/\"},{\"@type\":\"ListItem\",\"position\":3,\"name\":\"Nackenschmerzen HWS\"}]},{\"@type\":\"WebSite\",\"@id\":\"https:\\\/\\\/www.spine-center-rischke.ch\\\/#website\",\"url\":\"https:\\\/\\\/www.spine-center-rischke.ch\\\/\",\"name\":\"Spine Center Rischke\",\"description\":\"Kompetenzzentrum f\u00fcr bewegungserhaltende Wirbels\u00e4ulenchirurgie\",\"publisher\":{\"@id\":\"https:\\\/\\\/www.spine-center-rischke.ch\\\/#organization\"},\"potentialAction\":[{\"@type\":\"SearchAction\",\"target\":{\"@type\":\"EntryPoint\",\"urlTemplate\":\"https:\\\/\\\/www.spine-center-rischke.ch\\\/?s={search_term_string}\"},\"query-input\":{\"@type\":\"PropertyValueSpecification\",\"valueRequired\":true,\"valueName\":\"search_term_string\"}}],\"inLanguage\":\"en-GB\"},{\"@type\":\"Organization\",\"@id\":\"https:\\\/\\\/www.spine-center-rischke.ch\\\/#organization\",\"name\":\"Spine Center Rischke\",\"url\":\"https:\\\/\\\/www.spine-center-rischke.ch\\\/\",\"logo\":{\"@type\":\"ImageObject\",\"inLanguage\":\"en-GB\",\"@id\":\"https:\\\/\\\/www.spine-center-rischke.ch\\\/#\\\/schema\\\/logo\\\/image\\\/\",\"url\":\"https:\\\/\\\/www.spine-center-rischke.ch\\\/wp-content\\\/uploads\\\/2025\\\/07\\\/LOGO_SCR_20151.png\",\"contentUrl\":\"https:\\\/\\\/www.spine-center-rischke.ch\\\/wp-content\\\/uploads\\\/2025\\\/07\\\/LOGO_SCR_20151.png\",\"width\":600,\"height\":121,\"caption\":\"Spine Center Rischke\"},\"image\":{\"@id\":\"https:\\\/\\\/www.spine-center-rischke.ch\\\/#\\\/schema\\\/logo\\\/image\\\/\"}}]}<\/script>\n<!-- \/ Yoast SEO plugin. -->","yoast_head_json":{"title":"Treating neck pain cervical spine | Spine Centre Rischke","description":"Treat cervical spine neck pain at the Zurich Spine Centre! Recognise causes, treat specifically! \u00bb Make an appointment now: \u260e +41 43 538 45 14","robots":{"index":"index","follow":"follow","max-snippet":"max-snippet:-1","max-image-preview":"max-image-preview:large","max-video-preview":"max-video-preview:-1"},"canonical":"https:\/\/www.spine-center-rischke.ch\/en\/treatments\/neck-pain-cervical-spine\/","og_locale":"en_GB","og_type":"article","og_title":"Nackenschmerzen HWS behandeln | Spine Center Rischke","og_description":"Nackenschmerzen HWS im Wirbels\u00e4ulenzentrum Z\u00fcrich behandeln! Ursachen erkennen, gezielt therapieren! \u00bb Jetzt Termin vereinbaren: \u260e +41 43 538 45 14","og_url":"https:\/\/www.spine-center-rischke.ch\/en\/treatments\/neck-pain-cervical-spine\/","og_site_name":"Spine Center Rischke","article_modified_time":"2026-02-25T13:42:05+00:00","twitter_card":"summary_large_image","twitter_misc":{"Est. reading time":"2 minutes"},"schema":{"@context":"https:\/\/schema.org","@graph":[{"@type":"WebPage","@id":"https:\/\/www.spine-center-rischke.ch\/behandlungen\/nackenschmerzen-hws\/","url":"https:\/\/www.spine-center-rischke.ch\/behandlungen\/nackenschmerzen-hws\/","name":"Treating neck pain cervical spine | Spine Centre Rischke","isPartOf":{"@id":"https:\/\/www.spine-center-rischke.ch\/#website"},"datePublished":"2025-11-21T10:48:07+00:00","dateModified":"2026-02-25T13:42:05+00:00","description":"Treat cervical spine neck pain at the Zurich Spine Centre! Recognise causes, treat specifically! \u00bb Make an appointment now: \u260e +41 43 538 45 14","breadcrumb":{"@id":"https:\/\/www.spine-center-rischke.ch\/behandlungen\/nackenschmerzen-hws\/#breadcrumb"},"inLanguage":"en-GB","potentialAction":[{"@type":"ReadAction","target":["https:\/\/www.spine-center-rischke.ch\/behandlungen\/nackenschmerzen-hws\/"]}]},{"@type":"BreadcrumbList","@id":"https:\/\/www.spine-center-rischke.ch\/behandlungen\/nackenschmerzen-hws\/#breadcrumb","itemListElement":[{"@type":"ListItem","position":1,"name":"Startseite","item":"https:\/\/www.spine-center-rischke.ch\/"},{"@type":"ListItem","position":2,"name":"Behandlungen","item":"https:\/\/www.spine-center-rischke.ch\/behandlungen\/"},{"@type":"ListItem","position":3,"name":"Nackenschmerzen HWS"}]},{"@type":"WebSite","@id":"https:\/\/www.spine-center-rischke.ch\/#website","url":"https:\/\/www.spine-center-rischke.ch\/","name":"Spine Centre Rischke","description":"Centre of excellence for motion-preserving spinal surgery","publisher":{"@id":"https:\/\/www.spine-center-rischke.ch\/#organization"},"potentialAction":[{"@type":"SearchAction","target":{"@type":"EntryPoint","urlTemplate":"https:\/\/www.spine-center-rischke.ch\/?s={search_term_string}"},"query-input":{"@type":"PropertyValueSpecification","valueRequired":true,"valueName":"search_term_string"}}],"inLanguage":"en-GB"},{"@type":"Organization","@id":"https:\/\/www.spine-center-rischke.ch\/#organization","name":"Spine Centre Rischke","url":"https:\/\/www.spine-center-rischke.ch\/","logo":{"@type":"ImageObject","inLanguage":"en-GB","@id":"https:\/\/www.spine-center-rischke.ch\/#\/schema\/logo\/image\/","url":"https:\/\/www.spine-center-rischke.ch\/wp-content\/uploads\/2025\/07\/LOGO_SCR_20151.png","contentUrl":"https:\/\/www.spine-center-rischke.ch\/wp-content\/uploads\/2025\/07\/LOGO_SCR_20151.png","width":600,"height":121,"caption":"Spine Center Rischke"},"image":{"@id":"https:\/\/www.spine-center-rischke.ch\/#\/schema\/logo\/image\/"}}]}},"_links":{"self":[{"href":"https:\/\/www.spine-center-rischke.ch\/en\/wp-json\/wp\/v2\/pages\/8614","targetHints":{"allow":["GET"]}}],"collection":[{"href":"https:\/\/www.spine-center-rischke.ch\/en\/wp-json\/wp\/v2\/pages"}],"about":[{"href":"https:\/\/www.spine-center-rischke.ch\/en\/wp-json\/wp\/v2\/types\/page"}],"author":[{"embeddable":true,"href":"https:\/\/www.spine-center-rischke.ch\/en\/wp-json\/wp\/v2\/users\/1"}],"replies":[{"embeddable":true,"href":"https:\/\/www.spine-center-rischke.ch\/en\/wp-json\/wp\/v2\/comments?post=8614"}],"version-history":[{"count":14,"href":"https:\/\/www.spine-center-rischke.ch\/en\/wp-json\/wp\/v2\/pages\/8614\/revisions"}],"predecessor-version":[{"id":9969,"href":"https:\/\/www.spine-center-rischke.ch\/en\/wp-json\/wp\/v2\/pages\/8614\/revisions\/9969"}],"up":[{"embeddable":true,"href":"https:\/\/www.spine-center-rischke.ch\/en\/wp-json\/wp\/v2\/pages\/5417"}],"wp:attachment":[{"href":"https:\/\/www.spine-center-rischke.ch\/en\/wp-json\/wp\/v2\/media?parent=8614"}],"curies":[{"name":"wp","href":"https:\/\/api.w.org\/{rel}","templated":true}]}}