{"id":8680,"date":"2025-11-24T15:37:19","date_gmt":"2025-11-24T14:37:19","guid":{"rendered":"https:\/\/cms-webdesign.ch\/rischke\/?page_id=8680"},"modified":"2026-02-25T14:44:58","modified_gmt":"2026-02-25T13:44:58","slug":"expert-opinions-and-second-opinions","status":"publish","type":"page","link":"https:\/\/www.spine-center-rischke.ch\/en\/gutachten-und-zweitmeinungen\/","title":{"rendered":"Expert and second opinions"},"content":{"rendered":"<div data-elementor-type=\"wp-page\" data-elementor-id=\"8680\" class=\"elementor elementor-8680\" data-elementor-post-type=\"page\">\n\t\t\t\t<div class=\"elementor-element elementor-element-cd445ef e-con-full e-flex e-con e-parent\" data-id=\"cd445ef\" data-element_type=\"container\" data-e-type=\"container\" data-settings=\"{&quot;background_background&quot;:&quot;classic&quot;}\">\n\t\t\t\t<\/div>\n\t\t<div class=\"elementor-element elementor-element-b706cc4 responsive-padding e-flex e-con-boxed e-con e-parent\" data-id=\"b706cc4\" data-element_type=\"container\" data-e-type=\"container\">\n\t\t\t\t\t<div class=\"e-con-inner\">\n\t\t\t\t<div class=\"elementor-element elementor-element-e92351d elementor-widget elementor-widget-heading\" data-id=\"e92351d\" data-element_type=\"widget\" data-e-type=\"widget\" data-widget_type=\"heading.default\">\n\t\t\t\t<div class=\"elementor-widget-container\">\n\t\t\t\t\t<h1 class=\"elementor-heading-title elementor-size-default\">Expert and second opinions<\/h1>\t\t\t\t<\/div>\n\t\t\t\t<\/div>\n\t\t\t\t<div class=\"elementor-element elementor-element-a5c16bb elementor-widget elementor-widget-heading\" data-id=\"a5c16bb\" data-element_type=\"widget\" data-e-type=\"widget\" data-widget_type=\"heading.default\">\n\t\t\t\t<div class=\"elementor-widget-container\">\n\t\t\t\t\t<h2 class=\"elementor-heading-title elementor-size-default\">Competent, independent and in line with the current state of medicine<\/h2>\t\t\t\t<\/div>\n\t\t\t\t<\/div>\n\t\t\t\t<div class=\"elementor-element elementor-element-d296312 elementor-widget elementor-widget-text-editor\" data-id=\"d296312\" data-element_type=\"widget\" data-e-type=\"widget\" data-widget_type=\"text-editor.default\">\n\t\t\t\t<div class=\"elementor-widget-container\">\n\t\t\t\t\t\t\t\t\t<p>Our specialist orthopaedic surgeon specialising in spinal surgery provides independent medical reports and professional second opinions. We review surgical indications and offer well-founded assessments for spinal complaints.<br \/>Thanks to many years of continuous clinical practice, we are always up to date with the latest scientific findings, precise, evidence-based and state of the art.<\/p>\t\t\t\t\t\t\t\t<\/div>\n\t\t\t\t<\/div>\n\t\t\t\t<div class=\"elementor-element elementor-element-eb3ec0e elementor-widget elementor-widget-text-editor\" data-id=\"eb3ec0e\" data-element_type=\"widget\" data-e-type=\"widget\" data-widget_type=\"text-editor.default\">\n\t\t\t\t<div class=\"elementor-widget-container\">\n\t\t\t\t\t\t\t\t\t<h3>Our services - fast, clear and reliable.<\/h3><p>We create <strong>medical reports<\/strong> on behalf of<\/p><ul><li>Accident insurance<\/li><li>Courts<\/li><li>Health insurance<\/li><li>Disability insurance<\/li><li>Private expertises<\/li><\/ul><p><strong>Second opinions<\/strong><\/p><ul><li>Individual therapy counselling<\/li><li>Evaluation of complex spinal cases<\/li><li>Review of surgical indications<\/li><\/ul>\t\t\t\t\t\t\t\t<\/div>\n\t\t\t\t<\/div>\n\t\t\t\t\t<\/div>\n\t\t\t\t<\/div>\n\t\t\t\t<\/div>","protected":false},"excerpt":{"rendered":"<p>Competent, independent and in line with the latest medical knowledge Our specialist orthopaedic surgeon specialising in spinal surgery provides independent medical opinions and professional second opinions. We review surgical indications and offer well-founded assessments of spinal complaints, and thanks to our many years of continuous clinical practice, we are always up to date with the latest scientific findings, precise, reliable and...<\/p>","protected":false},"author":1,"featured_media":0,"parent":0,"menu_order":0,"comment_status":"closed","ping_status":"closed","template":"elementor_header_footer","meta":{"_kad_post_transparent":"default","_kad_post_title":"hide","_kad_post_layout":"fullwidth","_kad_post_sidebar_id":"","_kad_post_content_style":"unboxed","_kad_post_vertical_padding":"hide","_kad_post_feature":"hide","_kad_post_feature_position":"","_kad_post_header":false,"_kad_post_footer":false,"_kad_post_classname":"","footnotes":""},"class_list":["post-8680","page","type-page","status-publish","hentry"],"yoast_head":"<!-- This site is optimized with the Yoast SEO plugin v27.4 - https:\/\/yoast.com\/product\/yoast-seo-wordpress\/ -->\n<title>Gutachten &amp; Zweitmeinung Z\u00fcrich | Spine Center Rischke<\/title>\n<meta name=\"description\" content=\"Gutachten und Zweitmeinungen zur Wirbels\u00e4ule in Z\u00fcrich! Unabh\u00e4ngig, kompetent und evidenzbasiert! \u00bb Jetzt Termin vereinbaren: \u260e +41 43 538 45 14\" \/>\n<meta name=\"robots\" content=\"index, follow, max-snippet:-1, max-image-preview:large, max-video-preview:-1\" \/>\n<link rel=\"canonical\" href=\"https:\/\/www.spine-center-rischke.ch\/en\/expert-opinions-and-second-opinions\/\" \/>\n<meta property=\"og:locale\" content=\"en_GB\" \/>\n<meta property=\"og:type\" content=\"article\" \/>\n<meta property=\"og:title\" content=\"Gutachten &amp; Zweitmeinung Z\u00fcrich | Spine Center Rischke\" \/>\n<meta property=\"og:description\" content=\"Gutachten und Zweitmeinungen zur Wirbels\u00e4ule in Z\u00fcrich! Unabh\u00e4ngig, kompetent und evidenzbasiert! \u00bb Jetzt Termin vereinbaren: \u260e +41 43 538 45 14\" \/>\n<meta property=\"og:url\" content=\"https:\/\/www.spine-center-rischke.ch\/en\/expert-opinions-and-second-opinions\/\" \/>\n<meta property=\"og:site_name\" content=\"Spine Center Rischke\" \/>\n<meta property=\"article:modified_time\" content=\"2026-02-25T13:44:58+00:00\" \/>\n<meta name=\"twitter:card\" content=\"summary_large_image\" \/>\n<meta name=\"twitter:label1\" content=\"Est. reading time\" \/>\n\t<meta name=\"twitter:data1\" content=\"1 minute\" \/>\n<script type=\"application\/ld+json\" class=\"yoast-schema-graph\">{\"@context\":\"https:\\\/\\\/schema.org\",\"@graph\":[{\"@type\":\"WebPage\",\"@id\":\"https:\\\/\\\/www.spine-center-rischke.ch\\\/gutachten-und-zweitmeinungen\\\/\",\"url\":\"https:\\\/\\\/www.spine-center-rischke.ch\\\/gutachten-und-zweitmeinungen\\\/\",\"name\":\"Gutachten & Zweitmeinung Z\u00fcrich | Spine Center Rischke\",\"isPartOf\":{\"@id\":\"https:\\\/\\\/www.spine-center-rischke.ch\\\/#website\"},\"datePublished\":\"2025-11-24T14:37:19+00:00\",\"dateModified\":\"2026-02-25T13:44:58+00:00\",\"description\":\"Gutachten und Zweitmeinungen zur Wirbels\u00e4ule in Z\u00fcrich! Unabh\u00e4ngig, kompetent und evidenzbasiert! \u00bb Jetzt Termin vereinbaren: \u260e +41 43 538 45 14\",\"breadcrumb\":{\"@id\":\"https:\\\/\\\/www.spine-center-rischke.ch\\\/gutachten-und-zweitmeinungen\\\/#breadcrumb\"},\"inLanguage\":\"en-GB\",\"potentialAction\":[{\"@type\":\"ReadAction\",\"target\":[\"https:\\\/\\\/www.spine-center-rischke.ch\\\/gutachten-und-zweitmeinungen\\\/\"]}]},{\"@type\":\"BreadcrumbList\",\"@id\":\"https:\\\/\\\/www.spine-center-rischke.ch\\\/gutachten-und-zweitmeinungen\\\/#breadcrumb\",\"itemListElement\":[{\"@type\":\"ListItem\",\"position\":1,\"name\":\"Startseite\",\"item\":\"https:\\\/\\\/www.spine-center-rischke.ch\\\/\"},{\"@type\":\"ListItem\",\"position\":2,\"name\":\"Gutachten und Zweitmeinungen\"}]},{\"@type\":\"WebSite\",\"@id\":\"https:\\\/\\\/www.spine-center-rischke.ch\\\/#website\",\"url\":\"https:\\\/\\\/www.spine-center-rischke.ch\\\/\",\"name\":\"Spine Center Rischke\",\"description\":\"Kompetenzzentrum f\u00fcr bewegungserhaltende Wirbels\u00e4ulenchirurgie\",\"publisher\":{\"@id\":\"https:\\\/\\\/www.spine-center-rischke.ch\\\/#organization\"},\"potentialAction\":[{\"@type\":\"SearchAction\",\"target\":{\"@type\":\"EntryPoint\",\"urlTemplate\":\"https:\\\/\\\/www.spine-center-rischke.ch\\\/?s={search_term_string}\"},\"query-input\":{\"@type\":\"PropertyValueSpecification\",\"valueRequired\":true,\"valueName\":\"search_term_string\"}}],\"inLanguage\":\"en-GB\"},{\"@type\":\"Organization\",\"@id\":\"https:\\\/\\\/www.spine-center-rischke.ch\\\/#organization\",\"name\":\"Spine Center Rischke\",\"url\":\"https:\\\/\\\/www.spine-center-rischke.ch\\\/\",\"logo\":{\"@type\":\"ImageObject\",\"inLanguage\":\"en-GB\",\"@id\":\"https:\\\/\\\/www.spine-center-rischke.ch\\\/#\\\/schema\\\/logo\\\/image\\\/\",\"url\":\"https:\\\/\\\/www.spine-center-rischke.ch\\\/wp-content\\\/uploads\\\/2025\\\/07\\\/LOGO_SCR_20151.png\",\"contentUrl\":\"https:\\\/\\\/www.spine-center-rischke.ch\\\/wp-content\\\/uploads\\\/2025\\\/07\\\/LOGO_SCR_20151.png\",\"width\":600,\"height\":121,\"caption\":\"Spine Center Rischke\"},\"image\":{\"@id\":\"https:\\\/\\\/www.spine-center-rischke.ch\\\/#\\\/schema\\\/logo\\\/image\\\/\"}}]}<\/script>\n<!-- \/ Yoast SEO plugin. -->","yoast_head_json":{"title":"Expert opinion &amp; second opinion Zurich | Spine Centre Rischke","description":"Expert opinions and second opinions on the spine in Zurich! Independent, competent and evidence-based! \u00bb Make an appointment now: \u260e +41 43 538 45 14","robots":{"index":"index","follow":"follow","max-snippet":"max-snippet:-1","max-image-preview":"max-image-preview:large","max-video-preview":"max-video-preview:-1"},"canonical":"https:\/\/www.spine-center-rischke.ch\/en\/expert-opinions-and-second-opinions\/","og_locale":"en_GB","og_type":"article","og_title":"Gutachten & Zweitmeinung Z\u00fcrich | Spine Center Rischke","og_description":"Gutachten und Zweitmeinungen zur Wirbels\u00e4ule in Z\u00fcrich! Unabh\u00e4ngig, kompetent und evidenzbasiert! \u00bb Jetzt Termin vereinbaren: \u260e +41 43 538 45 14","og_url":"https:\/\/www.spine-center-rischke.ch\/en\/expert-opinions-and-second-opinions\/","og_site_name":"Spine Center Rischke","article_modified_time":"2026-02-25T13:44:58+00:00","twitter_card":"summary_large_image","twitter_misc":{"Est. reading time":"1 minute"},"schema":{"@context":"https:\/\/schema.org","@graph":[{"@type":"WebPage","@id":"https:\/\/www.spine-center-rischke.ch\/gutachten-und-zweitmeinungen\/","url":"https:\/\/www.spine-center-rischke.ch\/gutachten-und-zweitmeinungen\/","name":"Expert opinion &amp; second opinion Zurich | Spine Centre Rischke","isPartOf":{"@id":"https:\/\/www.spine-center-rischke.ch\/#website"},"datePublished":"2025-11-24T14:37:19+00:00","dateModified":"2026-02-25T13:44:58+00:00","description":"Expert opinions and second opinions on the spine in Zurich! Independent, competent and evidence-based! \u00bb Make an appointment now: \u260e +41 43 538 45 14","breadcrumb":{"@id":"https:\/\/www.spine-center-rischke.ch\/gutachten-und-zweitmeinungen\/#breadcrumb"},"inLanguage":"en-GB","potentialAction":[{"@type":"ReadAction","target":["https:\/\/www.spine-center-rischke.ch\/gutachten-und-zweitmeinungen\/"]}]},{"@type":"BreadcrumbList","@id":"https:\/\/www.spine-center-rischke.ch\/gutachten-und-zweitmeinungen\/#breadcrumb","itemListElement":[{"@type":"ListItem","position":1,"name":"Startseite","item":"https:\/\/www.spine-center-rischke.ch\/"},{"@type":"ListItem","position":2,"name":"Gutachten und Zweitmeinungen"}]},{"@type":"WebSite","@id":"https:\/\/www.spine-center-rischke.ch\/#website","url":"https:\/\/www.spine-center-rischke.ch\/","name":"Spine Centre Rischke","description":"Centre of excellence for motion-preserving spinal surgery","publisher":{"@id":"https:\/\/www.spine-center-rischke.ch\/#organization"},"potentialAction":[{"@type":"SearchAction","target":{"@type":"EntryPoint","urlTemplate":"https:\/\/www.spine-center-rischke.ch\/?s={search_term_string}"},"query-input":{"@type":"PropertyValueSpecification","valueRequired":true,"valueName":"search_term_string"}}],"inLanguage":"en-GB"},{"@type":"Organization","@id":"https:\/\/www.spine-center-rischke.ch\/#organization","name":"Spine Centre Rischke","url":"https:\/\/www.spine-center-rischke.ch\/","logo":{"@type":"ImageObject","inLanguage":"en-GB","@id":"https:\/\/www.spine-center-rischke.ch\/#\/schema\/logo\/image\/","url":"https:\/\/www.spine-center-rischke.ch\/wp-content\/uploads\/2025\/07\/LOGO_SCR_20151.png","contentUrl":"https:\/\/www.spine-center-rischke.ch\/wp-content\/uploads\/2025\/07\/LOGO_SCR_20151.png","width":600,"height":121,"caption":"Spine Center Rischke"},"image":{"@id":"https:\/\/www.spine-center-rischke.ch\/#\/schema\/logo\/image\/"}}]}},"_links":{"self":[{"href":"https:\/\/www.spine-center-rischke.ch\/en\/wp-json\/wp\/v2\/pages\/8680","targetHints":{"allow":["GET"]}}],"collection":[{"href":"https:\/\/www.spine-center-rischke.ch\/en\/wp-json\/wp\/v2\/pages"}],"about":[{"href":"https:\/\/www.spine-center-rischke.ch\/en\/wp-json\/wp\/v2\/types\/page"}],"author":[{"embeddable":true,"href":"https:\/\/www.spine-center-rischke.ch\/en\/wp-json\/wp\/v2\/users\/1"}],"replies":[{"embeddable":true,"href":"https:\/\/www.spine-center-rischke.ch\/en\/wp-json\/wp\/v2\/comments?post=8680"}],"version-history":[{"count":61,"href":"https:\/\/www.spine-center-rischke.ch\/en\/wp-json\/wp\/v2\/pages\/8680\/revisions"}],"predecessor-version":[{"id":9835,"href":"https:\/\/www.spine-center-rischke.ch\/en\/wp-json\/wp\/v2\/pages\/8680\/revisions\/9835"}],"wp:attachment":[{"href":"https:\/\/www.spine-center-rischke.ch\/en\/wp-json\/wp\/v2\/media?parent=8680"}],"curies":[{"name":"wp","href":"https:\/\/api.w.org\/{rel}","templated":true}]}}