{"id":8702,"date":"2025-11-24T15:51:51","date_gmt":"2025-11-24T14:51:51","guid":{"rendered":"https:\/\/cms-webdesign.ch\/rischke\/?page_id=8702"},"modified":"2026-02-25T14:42:53","modified_gmt":"2026-02-25T13:42:53","slug":"spinal-canal-stenosis","status":"publish","type":"page","link":"https:\/\/www.spine-center-rischke.ch\/en\/behandlungen\/spinalkanalstenose\/","title":{"rendered":"Spinal canal stenosis"},"content":{"rendered":"\t\t<div data-elementor-type=\"wp-page\" data-elementor-id=\"8702\" class=\"elementor elementor-8702\" data-elementor-post-type=\"page\">\n\t\t\t\t<div class=\"elementor-element elementor-element-55c6147 e-con-full e-flex e-con e-parent\" data-id=\"55c6147\" data-element_type=\"container\" data-e-type=\"container\" data-settings=\"{&quot;background_background&quot;:&quot;classic&quot;}\">\n\t\t<div class=\"elementor-element elementor-element-6006b11 e-con-full e-flex e-con e-child\" data-id=\"6006b11\" data-element_type=\"container\" data-e-type=\"container\" data-settings=\"{&quot;background_background&quot;:&quot;classic&quot;}\">\n\t\t<div class=\"elementor-element elementor-element-1604a1a e-con-full e-flex e-con e-child\" data-id=\"1604a1a\" data-element_type=\"container\" data-e-type=\"container\">\n\t\t<div class=\"elementor-element elementor-element-a0f87b1 e-con-full e-flex e-con e-child\" data-id=\"a0f87b1\" data-element_type=\"container\" data-e-type=\"container\">\n\t\t<div class=\"elementor-element elementor-element-be9c1e0 e-con-full e-flex e-con e-child\" data-id=\"be9c1e0\" data-element_type=\"container\" data-e-type=\"container\" data-settings=\"{&quot;background_background&quot;:&quot;classic&quot;}\">\n\t\t\t\t<\/div>\n\t\t\t\t<\/div>\n\t\t<div class=\"elementor-element elementor-element-10c4573 e-con-full e-flex e-con e-child\" data-id=\"10c4573\" data-element_type=\"container\" data-e-type=\"container\">\n\t\t\t\t<div class=\"elementor-element elementor-element-63e58f5 elementor-widget elementor-widget-heading\" data-id=\"63e58f5\" data-element_type=\"widget\" data-e-type=\"widget\" data-widget_type=\"heading.default\">\n\t\t\t\t<div class=\"elementor-widget-container\">\n\t\t\t\t\t<h1 class=\"elementor-heading-title elementor-size-default\">Spinalkanalstenose<\/h1>\t\t\t\t<\/div>\n\t\t\t\t<\/div>\n\t\t\t\t<div class=\"elementor-element elementor-element-725c20e elementor-widget elementor-widget-text-editor\" data-id=\"725c20e\" data-element_type=\"widget\" data-e-type=\"widget\" data-widget_type=\"text-editor.default\">\n\t\t\t\t<div class=\"elementor-widget-container\">\n\t\t\t\t\t\t\t\t\t<p>Verschlei\u00dferscheinungen an der Wirbels\u00e4ule stimulieren die Selbstheilungskr\u00e4fte in unserem K\u00f6rper. Der K\u00f6rper reagiert mit dem Anbau von Knochengewebe, welches die Wirbel untereinander st\u00fctzen und stabilisieren soll. H\u00e4ufig f\u00fchren diese Knochenanbauten zu einer Arthrose der Facettengelenke sowie Verengungen des Spinalkanals und der Nerven\u00f6ffnungen (Foramina). Die Folge sind starke R\u00fcckenschmerzen (Lumbago), Bewegungseinschr\u00e4nkungen und ausstrahlende Schmerzen ( Lumbo-Ischialgie), welche unter Umst\u00e4nden zu L\u00e4hmungserscheinungen f\u00fchren k\u00f6nnen. Man spricht &#8211; wie bei der durch gef\u00e4\u00dfbedingte Durchblutungsst\u00f6rungen verursachten &#171;Schaufensterkrankheit&#187; &#8211; von einer &#171;Claudicatio spinalis&#187;.\u00a0<\/p>\t\t\t\t\t\t\t\t<\/div>\n\t\t\t\t<\/div>\n\t\t\t\t<div class=\"elementor-element elementor-element-39de736 elementor-widget elementor-widget-image\" data-id=\"39de736\" data-element_type=\"widget\" data-e-type=\"widget\" data-widget_type=\"image.default\">\n\t\t\t\t<div class=\"elementor-widget-container\">\n\t\t\t\t\t\t\t\t\t\t\t\t\t\t\t<img fetchpriority=\"high\" decoding=\"async\" width=\"732\" height=\"517\" src=\"https:\/\/www.spine-center-rischke.ch\/wp-content\/uploads\/2025\/11\/Spinalstenose.jpg\" class=\"attachment-full size-full wp-image-8704\" alt=\"\" srcset=\"https:\/\/www.spine-center-rischke.ch\/wp-content\/uploads\/2025\/11\/Spinalstenose.jpg.webp 732w, https:\/\/www.spine-center-rischke.ch\/wp-content\/uploads\/2025\/11\/Spinalstenose-300x212.jpg.webp 300w, https:\/\/www.spine-center-rischke.ch\/wp-content\/uploads\/2025\/11\/Spinalstenose-18x12.jpg.webp 18w\" sizes=\"(max-width: 732px) 100vw, 732px\" \/>\t\t\t\t\t\t\t\t\t\t\t\t\t\t\t<\/div>\n\t\t\t\t<\/div>\n\t\t\t\t<div class=\"elementor-element elementor-element-64d675b elementor-widget elementor-widget-heading\" data-id=\"64d675b\" data-element_type=\"widget\" data-e-type=\"widget\" data-widget_type=\"heading.default\">\n\t\t\t\t<div class=\"elementor-widget-container\">\n\t\t\t\t\t<h2 class=\"elementor-heading-title elementor-size-default\">Dekompression (Entlastung des Spinalkanals)<\/h2>\t\t\t\t<\/div>\n\t\t\t\t<\/div>\n\t\t\t\t<div class=\"elementor-element elementor-element-20a47e3 elementor-widget elementor-widget-text-editor\" data-id=\"20a47e3\" data-element_type=\"widget\" data-e-type=\"widget\" data-widget_type=\"text-editor.default\">\n\t\t\t\t<div class=\"elementor-widget-container\">\n\t\t\t\t\t\t\t\t\t<p>Liegen neurologische Ausfallserscheinungen vor, z.B. L\u00e4hmungen, Schmerzen, Missempfindungen oder Einschr\u00e4nkungen der Gehstrecke, sollte eine operative Entlastung des Spinalkanals (Dekompression) erfolgen. Bei diesem Eingriff kann es erforderlich sein, je nach Intensit\u00e4t der Knochenanbauten, diese zu entfernen. Die Entfernung dieser Knochenanbauten kann zu einer Instabilit\u00e4t der betroffenen Wirbelsegmente f\u00fchren. Liegt eine Instabilit\u00e4t vor, sollte diese stabilisiert werden. Eine Stabilisierung kann durch starre innere Abst\u00fctzvorrichtungen ( fixateur interne) vorgenommen werden, was jedoch das Auftreten von Anschlusserkrankungen beschleunigen kann, oder durch dynamische Fixationssysteme erfolgen (z.B. Dynesis, CoFlex, DSS, Spine-shape). Der Vorteil einer dynamischen Stabilisierung liegt in der Erhaltung oder Wiederherstellung der Beweglichkeit und Funktion der Wirbels\u00e4ule.\u00a0<\/p>\t\t\t\t\t\t\t\t<\/div>\n\t\t\t\t<\/div>\n\t\t<div class=\"elementor-element elementor-element-fb7f566 e-con-full e-flex e-con e-child\" data-id=\"fb7f566\" data-element_type=\"container\" data-e-type=\"container\">\n\t\t\t\t<div class=\"elementor-element elementor-element-f6ad7b5 elementor-widget elementor-widget-image\" data-id=\"f6ad7b5\" data-element_type=\"widget\" data-e-type=\"widget\" data-widget_type=\"image.default\">\n\t\t\t\t<div class=\"elementor-widget-container\">\n\t\t\t\t\t\t\t\t\t\t\t\t\t\t\t<img decoding=\"async\" width=\"279\" height=\"428\" src=\"https:\/\/www.spine-center-rischke.ch\/wp-content\/uploads\/2025\/11\/Spinalstenose-1.jpg\" class=\"attachment-large size-large wp-image-8706\" alt=\"\" srcset=\"https:\/\/www.spine-center-rischke.ch\/wp-content\/uploads\/2025\/11\/Spinalstenose-1.jpg.webp 279w, https:\/\/www.spine-center-rischke.ch\/wp-content\/uploads\/2025\/11\/Spinalstenose-1-196x300.jpg.webp 196w, https:\/\/www.spine-center-rischke.ch\/wp-content\/uploads\/2025\/11\/Spinalstenose-1-8x12.jpg.webp 8w\" sizes=\"(max-width: 279px) 100vw, 279px\" \/>\t\t\t\t\t\t\t\t\t\t\t\t\t\t\t<\/div>\n\t\t\t\t<\/div>\n\t\t<div class=\"elementor-element elementor-element-e52fccb e-con-full e-flex e-con e-child\" data-id=\"e52fccb\" data-element_type=\"container\" data-e-type=\"container\">\n\t\t\t\t<div class=\"elementor-element elementor-element-8dc7996 elementor-widget elementor-widget-text-editor\" data-id=\"8dc7996\" data-element_type=\"widget\" data-e-type=\"widget\" data-widget_type=\"text-editor.default\">\n\t\t\t\t<div class=\"elementor-widget-container\">\n\t\t\t\t\t\t\t\t\t<p>Stenose des Spinalkanals durch Destruktion des 3. Lendenwirbels (Morbus Paget) und Bandscheibenprotrusion L4\/5. Zus\u00e4tzliche Einengung des Spinalkanals durch kn\u00f6cherne Anbauten an den Wirbelb\u00f6gen und Gelenkfacetten.<\/p>\t\t\t\t\t\t\t\t<\/div>\n\t\t\t\t<\/div>\n\t\t\t\t<\/div>\n\t\t\t\t<\/div>\n\t\t\t\t<div class=\"elementor-element elementor-element-20a3631 elementor-widget elementor-widget-shortcode\" data-id=\"20a3631\" data-element_type=\"widget\" data-e-type=\"widget\" data-widget_type=\"shortcode.default\">\n\t\t\t\t<div class=\"elementor-widget-container\">\n\t\t\t\t\t\t\t<div class=\"elementor-shortcode\"><script type=\"application\/ld+json\">\r\n{\r\n  \"@context\": \"https:\/\/schema.org\",\r\n  \"@type\": \"MedicalWebPage\",\r\n  \"url\": \"https:\/\/www.spine-center-rischke.ch\/behandlungen\/spinalkanalstenose\/\",\r\n  \"lastReviewed\": \"2025-01-01\",\r\n  \"reviewedBy\": {\r\n    \"@type\": \"Physician\",\r\n    \"@id\": \"https:\/\/www.spine-center-rischke.ch\/prof-dr-med-b-rischke-phd\/#physician\",\r\n    \"name\": \"Prof. Dr. med. B. Rischke PhD\"\r\n  },\r\n  \"mainEntity\": {\r\n    \"@type\": \"MedicalCondition\",\r\n    \"@id\": \"https:\/\/www.spine-center-rischke.ch\/behandlungen\/spinalkanalstenose\/#condition\",\r\n    \"name\": \"Spinalkanalstenose\",\r\n    \"alternateName\": [\"Spinalstenose\", \"Wirbelkanalverengung\"],\r\n    \"description\": \"Die Spinalkanalstenose ist eine Verengung des Wirbelkanals, die zu einer Kompression von Nerven und R\u00fcckenmark f\u00fchrt. Sie entsteht h\u00e4ufig durch degenerative Ver\u00e4nderungen wie Knochenanbauten und Bandscheibenvorw\u00f6lbungen.\",\r\n    \"associatedAnatomy\": {\r\n      \"@type\": \"AnatomicalStructure\",\r\n      \"name\": \"Spinalkanal (Wirbelkanal)\",\r\n      \"bodyLocation\": \"Wirbels\u00e4ule\"\r\n    },\r\n    \"signOrSymptom\": [\r\n      {\r\n        \"@type\": \"MedicalSignOrSymptom\",\r\n        \"name\": \"R\u00fcckenschmerzen\"\r\n      },\r\n      {\r\n        \"@type\": \"MedicalSignOrSymptom\",\r\n        \"name\": \"Claudicatio spinalis (belastungsabh\u00e4ngige Beinschmerzen)\"\r\n      },\r\n      {\r\n        \"@type\": \"MedicalSignOrSymptom\",\r\n        \"name\": \"Taubheitsgef\u00fchle in den Beinen\"\r\n      },\r\n      {\r\n        \"@type\": \"MedicalSignOrSymptom\",\r\n        \"name\": \"Eingeschr\u00e4nkte Gehstrecke\"\r\n      }\r\n    ],\r\n    \"possibleTreatment\": [\r\n      {\r\n        \"@type\": \"MedicalTherapy\",\r\n        \"name\": \"Konservative Therapie (Physiotherapie, Infiltrationen)\"\r\n      },\r\n      {\r\n        \"@type\": \"MedicalTherapy\",\r\n        \"name\": \"Dekompression des Spinalkanals\"\r\n      },\r\n      {\r\n        \"@type\": \"MedicalTherapy\",\r\n        \"name\": \"Dynamische Stabilisierung\"\r\n      }\r\n    ]\r\n  }\r\n}\r\n<\/script>\r\n\r\n\r\n<\/div>\n\t\t\t\t\t\t<\/div>\n\t\t\t\t<\/div>\n\t\t\t\t<\/div>\n\t\t\t\t<\/div>\n\t\t\t\t<\/div>\n\t\t\t\t<\/div>\n\t\t\t\t<\/div>\n\t\t","protected":false},"excerpt":{"rendered":"<p>Signs of wear and tear on the spine stimulate the body's self-healing powers. The body responds by building up bone tissue to support and stabilise the vertebrae. These bone growths often lead to osteoarthritis of the facet joints and narrowing of the spinal canal and nerve openings (foramina). The consequences are severe back pain (lumbago), restricted movement and radiating pain (lumbar sciatica),...<\/p>","protected":false},"author":1,"featured_media":0,"parent":5417,"menu_order":0,"comment_status":"closed","ping_status":"closed","template":"elementor_theme","meta":{"_kad_post_transparent":"default","_kad_post_title":"hide","_kad_post_layout":"fullwidth","_kad_post_sidebar_id":"","_kad_post_content_style":"unboxed","_kad_post_vertical_padding":"hide","_kad_post_feature":"hide","_kad_post_feature_position":"","_kad_post_header":false,"_kad_post_footer":false,"_kad_post_classname":"","footnotes":""},"class_list":["post-8702","page","type-page","status-publish","hentry"],"yoast_head":"<!-- This site is optimized with the Yoast SEO plugin v27.4 - https:\/\/yoast.com\/product\/yoast-seo-wordpress\/ -->\n<title>Spinalkanalstenose behandeln | Spine Center Rischke<\/title>\n<meta name=\"description\" content=\"Spinalkanalstenose im Wirbels\u00e4ulenzentrum Z\u00fcrich behandeln! Schonende OP f\u00fcr mehr Beweglichkeit! \u00bb Jetzt Termin vereinbaren: \u260e +41 43 538 45 14\" \/>\n<meta name=\"robots\" content=\"index, follow, max-snippet:-1, max-image-preview:large, max-video-preview:-1\" \/>\n<link rel=\"canonical\" href=\"https:\/\/www.spine-center-rischke.ch\/en\/treatments\/spinal-canal-stenosis\/\" \/>\n<meta property=\"og:locale\" content=\"en_GB\" \/>\n<meta property=\"og:type\" content=\"article\" \/>\n<meta property=\"og:title\" content=\"Spinalkanalstenose behandeln | Spine Center Rischke\" \/>\n<meta property=\"og:description\" content=\"Spinalkanalstenose im Wirbels\u00e4ulenzentrum Z\u00fcrich behandeln! Schonende OP f\u00fcr mehr Beweglichkeit! \u00bb Jetzt Termin vereinbaren: \u260e +41 43 538 45 14\" \/>\n<meta property=\"og:url\" content=\"https:\/\/www.spine-center-rischke.ch\/en\/treatments\/spinal-canal-stenosis\/\" \/>\n<meta property=\"og:site_name\" content=\"Spine Center Rischke\" \/>\n<meta property=\"article:modified_time\" content=\"2026-02-25T13:42:53+00:00\" \/>\n<meta property=\"og:image\" content=\"https:\/\/www.spine-center-rischke.ch\/wp-content\/uploads\/2025\/11\/Spinalstenose.jpg\" \/>\n<meta name=\"twitter:card\" content=\"summary_large_image\" \/>\n<meta name=\"twitter:label1\" content=\"Est. reading time\" \/>\n\t<meta name=\"twitter:data1\" content=\"2 minutes\" \/>\n<script type=\"application\/ld+json\" class=\"yoast-schema-graph\">{\"@context\":\"https:\\\/\\\/schema.org\",\"@graph\":[{\"@type\":\"WebPage\",\"@id\":\"https:\\\/\\\/www.spine-center-rischke.ch\\\/behandlungen\\\/spinalkanalstenose\\\/\",\"url\":\"https:\\\/\\\/www.spine-center-rischke.ch\\\/behandlungen\\\/spinalkanalstenose\\\/\",\"name\":\"Spinalkanalstenose behandeln | Spine Center Rischke\",\"isPartOf\":{\"@id\":\"https:\\\/\\\/www.spine-center-rischke.ch\\\/#website\"},\"primaryImageOfPage\":{\"@id\":\"https:\\\/\\\/www.spine-center-rischke.ch\\\/behandlungen\\\/spinalkanalstenose\\\/#primaryimage\"},\"image\":{\"@id\":\"https:\\\/\\\/www.spine-center-rischke.ch\\\/behandlungen\\\/spinalkanalstenose\\\/#primaryimage\"},\"thumbnailUrl\":\"https:\\\/\\\/www.spine-center-rischke.ch\\\/wp-content\\\/uploads\\\/2025\\\/11\\\/Spinalstenose.jpg\",\"datePublished\":\"2025-11-24T14:51:51+00:00\",\"dateModified\":\"2026-02-25T13:42:53+00:00\",\"description\":\"Spinalkanalstenose im Wirbels\u00e4ulenzentrum Z\u00fcrich behandeln! Schonende OP f\u00fcr mehr Beweglichkeit! \u00bb Jetzt Termin vereinbaren: \u260e +41 43 538 45 14\",\"breadcrumb\":{\"@id\":\"https:\\\/\\\/www.spine-center-rischke.ch\\\/behandlungen\\\/spinalkanalstenose\\\/#breadcrumb\"},\"inLanguage\":\"en-GB\",\"potentialAction\":[{\"@type\":\"ReadAction\",\"target\":[\"https:\\\/\\\/www.spine-center-rischke.ch\\\/behandlungen\\\/spinalkanalstenose\\\/\"]}]},{\"@type\":\"ImageObject\",\"inLanguage\":\"en-GB\",\"@id\":\"https:\\\/\\\/www.spine-center-rischke.ch\\\/behandlungen\\\/spinalkanalstenose\\\/#primaryimage\",\"url\":\"https:\\\/\\\/www.spine-center-rischke.ch\\\/wp-content\\\/uploads\\\/2025\\\/11\\\/Spinalstenose.jpg\",\"contentUrl\":\"https:\\\/\\\/www.spine-center-rischke.ch\\\/wp-content\\\/uploads\\\/2025\\\/11\\\/Spinalstenose.jpg\"},{\"@type\":\"BreadcrumbList\",\"@id\":\"https:\\\/\\\/www.spine-center-rischke.ch\\\/behandlungen\\\/spinalkanalstenose\\\/#breadcrumb\",\"itemListElement\":[{\"@type\":\"ListItem\",\"position\":1,\"name\":\"Startseite\",\"item\":\"https:\\\/\\\/www.spine-center-rischke.ch\\\/\"},{\"@type\":\"ListItem\",\"position\":2,\"name\":\"Behandlungen\",\"item\":\"https:\\\/\\\/www.spine-center-rischke.ch\\\/behandlungen\\\/\"},{\"@type\":\"ListItem\",\"position\":3,\"name\":\"Spinalkanalstenose\"}]},{\"@type\":\"WebSite\",\"@id\":\"https:\\\/\\\/www.spine-center-rischke.ch\\\/#website\",\"url\":\"https:\\\/\\\/www.spine-center-rischke.ch\\\/\",\"name\":\"Spine Center Rischke\",\"description\":\"Kompetenzzentrum f\u00fcr bewegungserhaltende Wirbels\u00e4ulenchirurgie\",\"publisher\":{\"@id\":\"https:\\\/\\\/www.spine-center-rischke.ch\\\/#organization\"},\"potentialAction\":[{\"@type\":\"SearchAction\",\"target\":{\"@type\":\"EntryPoint\",\"urlTemplate\":\"https:\\\/\\\/www.spine-center-rischke.ch\\\/?s={search_term_string}\"},\"query-input\":{\"@type\":\"PropertyValueSpecification\",\"valueRequired\":true,\"valueName\":\"search_term_string\"}}],\"inLanguage\":\"en-GB\"},{\"@type\":\"Organization\",\"@id\":\"https:\\\/\\\/www.spine-center-rischke.ch\\\/#organization\",\"name\":\"Spine Center Rischke\",\"url\":\"https:\\\/\\\/www.spine-center-rischke.ch\\\/\",\"logo\":{\"@type\":\"ImageObject\",\"inLanguage\":\"en-GB\",\"@id\":\"https:\\\/\\\/www.spine-center-rischke.ch\\\/#\\\/schema\\\/logo\\\/image\\\/\",\"url\":\"https:\\\/\\\/www.spine-center-rischke.ch\\\/wp-content\\\/uploads\\\/2025\\\/07\\\/LOGO_SCR_20151.png\",\"contentUrl\":\"https:\\\/\\\/www.spine-center-rischke.ch\\\/wp-content\\\/uploads\\\/2025\\\/07\\\/LOGO_SCR_20151.png\",\"width\":600,\"height\":121,\"caption\":\"Spine Center Rischke\"},\"image\":{\"@id\":\"https:\\\/\\\/www.spine-center-rischke.ch\\\/#\\\/schema\\\/logo\\\/image\\\/\"}}]}<\/script>\n<!-- \/ Yoast SEO plugin. -->","yoast_head_json":{"title":"Treating spinal canal stenosis | Spine Centre Rischke","description":"Treat spinal canal stenosis at the Spine Centre Zurich! Gentle surgery for more mobility! \u00bb Make an appointment now: \u260e +41 43 538 45 14","robots":{"index":"index","follow":"follow","max-snippet":"max-snippet:-1","max-image-preview":"max-image-preview:large","max-video-preview":"max-video-preview:-1"},"canonical":"https:\/\/www.spine-center-rischke.ch\/en\/treatments\/spinal-canal-stenosis\/","og_locale":"en_GB","og_type":"article","og_title":"Spinalkanalstenose behandeln | Spine Center Rischke","og_description":"Spinalkanalstenose im Wirbels\u00e4ulenzentrum Z\u00fcrich behandeln! Schonende OP f\u00fcr mehr Beweglichkeit! \u00bb Jetzt Termin vereinbaren: \u260e +41 43 538 45 14","og_url":"https:\/\/www.spine-center-rischke.ch\/en\/treatments\/spinal-canal-stenosis\/","og_site_name":"Spine Center Rischke","article_modified_time":"2026-02-25T13:42:53+00:00","og_image":[{"url":"https:\/\/www.spine-center-rischke.ch\/wp-content\/uploads\/2025\/11\/Spinalstenose.jpg","type":"","width":"","height":""}],"twitter_card":"summary_large_image","twitter_misc":{"Est. reading time":"2 minutes"},"schema":{"@context":"https:\/\/schema.org","@graph":[{"@type":"WebPage","@id":"https:\/\/www.spine-center-rischke.ch\/behandlungen\/spinalkanalstenose\/","url":"https:\/\/www.spine-center-rischke.ch\/behandlungen\/spinalkanalstenose\/","name":"Treating spinal canal stenosis | Spine Centre Rischke","isPartOf":{"@id":"https:\/\/www.spine-center-rischke.ch\/#website"},"primaryImageOfPage":{"@id":"https:\/\/www.spine-center-rischke.ch\/behandlungen\/spinalkanalstenose\/#primaryimage"},"image":{"@id":"https:\/\/www.spine-center-rischke.ch\/behandlungen\/spinalkanalstenose\/#primaryimage"},"thumbnailUrl":"https:\/\/www.spine-center-rischke.ch\/wp-content\/uploads\/2025\/11\/Spinalstenose.jpg","datePublished":"2025-11-24T14:51:51+00:00","dateModified":"2026-02-25T13:42:53+00:00","description":"Treat spinal canal stenosis at the Spine Centre Zurich! Gentle surgery for more mobility! \u00bb Make an appointment now: \u260e +41 43 538 45 14","breadcrumb":{"@id":"https:\/\/www.spine-center-rischke.ch\/behandlungen\/spinalkanalstenose\/#breadcrumb"},"inLanguage":"en-GB","potentialAction":[{"@type":"ReadAction","target":["https:\/\/www.spine-center-rischke.ch\/behandlungen\/spinalkanalstenose\/"]}]},{"@type":"ImageObject","inLanguage":"en-GB","@id":"https:\/\/www.spine-center-rischke.ch\/behandlungen\/spinalkanalstenose\/#primaryimage","url":"https:\/\/www.spine-center-rischke.ch\/wp-content\/uploads\/2025\/11\/Spinalstenose.jpg","contentUrl":"https:\/\/www.spine-center-rischke.ch\/wp-content\/uploads\/2025\/11\/Spinalstenose.jpg"},{"@type":"BreadcrumbList","@id":"https:\/\/www.spine-center-rischke.ch\/behandlungen\/spinalkanalstenose\/#breadcrumb","itemListElement":[{"@type":"ListItem","position":1,"name":"Startseite","item":"https:\/\/www.spine-center-rischke.ch\/"},{"@type":"ListItem","position":2,"name":"Behandlungen","item":"https:\/\/www.spine-center-rischke.ch\/behandlungen\/"},{"@type":"ListItem","position":3,"name":"Spinalkanalstenose"}]},{"@type":"WebSite","@id":"https:\/\/www.spine-center-rischke.ch\/#website","url":"https:\/\/www.spine-center-rischke.ch\/","name":"Spine Centre Rischke","description":"Centre of excellence for motion-preserving spinal surgery","publisher":{"@id":"https:\/\/www.spine-center-rischke.ch\/#organization"},"potentialAction":[{"@type":"SearchAction","target":{"@type":"EntryPoint","urlTemplate":"https:\/\/www.spine-center-rischke.ch\/?s={search_term_string}"},"query-input":{"@type":"PropertyValueSpecification","valueRequired":true,"valueName":"search_term_string"}}],"inLanguage":"en-GB"},{"@type":"Organization","@id":"https:\/\/www.spine-center-rischke.ch\/#organization","name":"Spine Centre Rischke","url":"https:\/\/www.spine-center-rischke.ch\/","logo":{"@type":"ImageObject","inLanguage":"en-GB","@id":"https:\/\/www.spine-center-rischke.ch\/#\/schema\/logo\/image\/","url":"https:\/\/www.spine-center-rischke.ch\/wp-content\/uploads\/2025\/07\/LOGO_SCR_20151.png","contentUrl":"https:\/\/www.spine-center-rischke.ch\/wp-content\/uploads\/2025\/07\/LOGO_SCR_20151.png","width":600,"height":121,"caption":"Spine Center Rischke"},"image":{"@id":"https:\/\/www.spine-center-rischke.ch\/#\/schema\/logo\/image\/"}}]}},"_links":{"self":[{"href":"https:\/\/www.spine-center-rischke.ch\/en\/wp-json\/wp\/v2\/pages\/8702","targetHints":{"allow":["GET"]}}],"collection":[{"href":"https:\/\/www.spine-center-rischke.ch\/en\/wp-json\/wp\/v2\/pages"}],"about":[{"href":"https:\/\/www.spine-center-rischke.ch\/en\/wp-json\/wp\/v2\/types\/page"}],"author":[{"embeddable":true,"href":"https:\/\/www.spine-center-rischke.ch\/en\/wp-json\/wp\/v2\/users\/1"}],"replies":[{"embeddable":true,"href":"https:\/\/www.spine-center-rischke.ch\/en\/wp-json\/wp\/v2\/comments?post=8702"}],"version-history":[{"count":31,"href":"https:\/\/www.spine-center-rischke.ch\/en\/wp-json\/wp\/v2\/pages\/8702\/revisions"}],"predecessor-version":[{"id":9975,"href":"https:\/\/www.spine-center-rischke.ch\/en\/wp-json\/wp\/v2\/pages\/8702\/revisions\/9975"}],"up":[{"embeddable":true,"href":"https:\/\/www.spine-center-rischke.ch\/en\/wp-json\/wp\/v2\/pages\/5417"}],"wp:attachment":[{"href":"https:\/\/www.spine-center-rischke.ch\/en\/wp-json\/wp\/v2\/media?parent=8702"}],"curies":[{"name":"wp","href":"https:\/\/api.w.org\/{rel}","templated":true}]}}