{"id":8736,"date":"2025-11-24T16:03:52","date_gmt":"2025-11-24T15:03:52","guid":{"rendered":"https:\/\/cms-webdesign.ch\/rischke\/?page_id=8736"},"modified":"2026-02-25T14:40:08","modified_gmt":"2026-02-25T13:40:08","slug":"cervical-disc-prosthesis","status":"publish","type":"page","link":"https:\/\/www.spine-center-rischke.ch\/en\/behandlungen\/bandscheibenprothese-hws\/","title":{"rendered":"Cervical spine disc prosthesis"},"content":{"rendered":"<div data-elementor-type=\"wp-page\" data-elementor-id=\"8736\" class=\"elementor elementor-8736\" data-elementor-post-type=\"page\">\n\t\t\t\t<div class=\"elementor-element elementor-element-55c6147 e-con-full e-flex e-con e-parent\" data-id=\"55c6147\" data-element_type=\"container\" data-e-type=\"container\" data-settings=\"{&quot;background_background&quot;:&quot;classic&quot;}\">\n\t\t<div class=\"elementor-element elementor-element-6006b11 e-con-full e-flex e-con e-child\" data-id=\"6006b11\" data-element_type=\"container\" data-e-type=\"container\" data-settings=\"{&quot;background_background&quot;:&quot;classic&quot;}\">\n\t\t<div class=\"elementor-element elementor-element-1604a1a e-con-full e-flex e-con e-child\" data-id=\"1604a1a\" data-element_type=\"container\" data-e-type=\"container\">\n\t\t<div class=\"elementor-element elementor-element-a0f87b1 e-con-full e-flex e-con e-child\" data-id=\"a0f87b1\" data-element_type=\"container\" data-e-type=\"container\">\n\t\t<div class=\"elementor-element elementor-element-be9c1e0 e-con-full e-flex e-con e-child\" data-id=\"be9c1e0\" data-element_type=\"container\" data-e-type=\"container\" data-settings=\"{&quot;background_background&quot;:&quot;classic&quot;}\">\n\t\t\t\t<\/div>\n\t\t\t\t<\/div>\n\t\t<div class=\"elementor-element elementor-element-10c4573 e-con-full e-flex e-con e-child\" data-id=\"10c4573\" data-element_type=\"container\" data-e-type=\"container\">\n\t\t\t\t<div class=\"elementor-element elementor-element-63e58f5 elementor-widget elementor-widget-heading\" data-id=\"63e58f5\" data-element_type=\"widget\" data-e-type=\"widget\" data-widget_type=\"heading.default\">\n\t\t\t\t<div class=\"elementor-widget-container\">\n\t\t\t\t\t<h1 class=\"elementor-heading-title elementor-size-default\">Cervical spine disc prosthesis\n<\/h1>\t\t\t\t<\/div>\n\t\t\t\t<\/div>\n\t\t\t\t<div class=\"elementor-element elementor-element-725c20e elementor-widget elementor-widget-text-editor\" data-id=\"725c20e\" data-element_type=\"widget\" data-e-type=\"widget\" data-widget_type=\"text-editor.default\">\n\t\t\t\t<div class=\"elementor-widget-container\">\n\t\t\t\t\t\t\t\t\t<p>The implantation of a disc prosthesis is a globally recognised method for treating symptomatic degenerative disc disease. With the innovative <b>viscoelastic disc prosthesis<\/b> (VTDR) has been available for several years. Compared to other implants, it has the advantage that its design perfectly mimics the function of the natural intervertebral disc. Furthermore, extensive laboratory testing has proven that this prosthesis has a durability of at least 50 years. <b>VTDR<\/b> consists of two titanium end plates and an elastic core that is firmly welded to the end plates. The elastic polymer core allows free movement in all directions. It is capable of providing natural cushioning and load-bearing, with the material designed in such a way that the elastic core becomes stiffer and stronger as the pressure load increases.\u00a0<\/p>\t\t\t\t\t\t\t\t<\/div>\n\t\t\t\t<\/div>\n\t\t\t\t<div class=\"elementor-element elementor-element-53a3cd4 elementor-widget elementor-widget-image\" data-id=\"53a3cd4\" data-element_type=\"widget\" data-e-type=\"widget\" data-widget_type=\"image.default\">\n\t\t\t\t<div class=\"elementor-widget-container\">\n\t\t\t\t\t\t\t\t\t\t\t\t\t\t\t<img fetchpriority=\"high\" decoding=\"async\" width=\"491\" height=\"305\" src=\"https:\/\/www.spine-center-rischke.ch\/wp-content\/uploads\/2025\/11\/CP-ESP.jpg\" class=\"attachment-large size-large wp-image-8738\" alt=\"\" srcset=\"https:\/\/www.spine-center-rischke.ch\/wp-content\/uploads\/2025\/11\/CP-ESP.jpg 491w, https:\/\/www.spine-center-rischke.ch\/wp-content\/uploads\/2025\/11\/CP-ESP-300x186.jpg 300w, https:\/\/www.spine-center-rischke.ch\/wp-content\/uploads\/2025\/11\/CP-ESP-18x12.jpg 18w\" sizes=\"(max-width: 491px) 100vw, 491px\" \/>\t\t\t\t\t\t\t\t\t\t\t\t\t\t\t<\/div>\n\t\t\t\t<\/div>\n\t\t\t\t<div class=\"elementor-element elementor-element-a510c40 elementor-widget elementor-widget-text-editor\" data-id=\"a510c40\" data-element_type=\"widget\" data-e-type=\"widget\" data-widget_type=\"text-editor.default\">\n\t\t\t\t<div class=\"elementor-widget-container\">\n\t\t\t\t\t\t\t\t\t<p>This absorbs the strain on the spine in the same way as a natural intervertebral disc. In cases of chronic disc disease, conservative therapy should be attempted for at least three months beforehand. If this is unsuccessful or if uncontrollable pain or nerve disorders occur, health insurance companies in Switzerland will cover the cost of the operation, provided that no more than two discs are affected and there is no primary osteoarthritis of the facet joints. Surgery is also indicated for acute disc herniation with severe nerve disorders or paralysis. This is performed from the front through a small, approximately 2-3 cm long, transverse skin incision in a skin fold on the neck. The cervical spine can be accessed very gently on the right or left side of the trachea and oesophagus. In this way, the affected disc can be completely removed and the spinal canal and corresponding nerve roots can be relieved. The disc space is then expanded to its normal height using special instruments in order to decompress the nerve roots and create space for the prosthesis. After measuring the appropriate size and precisely preparing the implant bed, the implant is inserted under X-ray control. Example of degenerative disc disease in the cervical spine and treatment with three viscoelastic disc prostheses<\/p>\t\t\t\t\t\t\t\t<\/div>\n\t\t\t\t<\/div>\n\t\t\t\t<div class=\"elementor-element elementor-element-822971a elementor-widget elementor-widget-shortcode\" data-id=\"822971a\" data-element_type=\"widget\" data-e-type=\"widget\" data-widget_type=\"shortcode.default\">\n\t\t\t\t<div class=\"elementor-widget-container\">\n\t\t\t\t\t\t\t<div class=\"elementor-shortcode\"><script type=\"application\/ld+json\">{\n    \"@context\": \"https:\\\/\\\/schema.org\",\n    \"@type\": \"MedicalWebPage\",\n    \"url\": \"https:\\\/\\\/www.spine-center-rischke.ch\\\/behandlungen\\\/bandscheibenprothese-hws\\\/\",\n    \"lastReviewed\": \"2025-01-01\",\n    \"reviewedBy\": {\n        \"@type\": \"Physician\",\n        \"@id\": \"https:\\\/\\\/www.spine-center-rischke.ch\\\/prof-dr-med-b-rischke-phd\\\/#physician\",\n        \"name\": \"Prof. Dr. med. B. Rischke PhD\"\n    },\n    \"mainEntity\": {\n        \"@type\": \"SurgicalProcedure\",\n        \"@id\": \"https:\\\/\\\/www.spine-center-rischke.ch\\\/behandlungen\\\/bandscheibenprothese-hws\\\/#procedure\",\n        \"name\": \"Bandscheibenprothese HWS\",\n        \"alternateName\": \"Zervikale Bandscheiben-Endoprothetik\",\n        \"description\": \"Implantation einer visko-elastischen Bandscheibenprothese (VTDR) an der Halswirbels\\u00e4ule. Die Prothese imitiert die nat\\u00fcrliche Bandscheibe und erm\\u00f6glicht freie Beweglichkeit in alle Richtungen bei einer Haltbarkeit von mindestens 50 Jahren. Ziel ist die Wiederherstellung von Stabilit\\u00e4t bei gleichzeitigem Bewegungserhalt der Halswirbels\\u00e4ule.\",\n        \"bodyLocation\": \"Halswirbels\\u00e4ule (HWS)\",\n        \"howPerformed\": \"Minimal-invasiver Eingriff unter Vollnarkose. Die defekte Bandscheibe wird entfernt und durch eine visko-elastische Bandscheibenprothese (VTDR) mit Titan-Endplatten und elastischem Polymer-Kern ersetzt.\",\n        \"preparation\": \"Mindestens 3-monatige konservative Therapie vor einer operativen Indikation.\"\n    }\n}<\/script><\/div>\n\t\t\t\t\t\t<\/div>\n\t\t\t\t<\/div>\n\t\t<div class=\"elementor-element elementor-element-acc29d5 e-grid e-con-full e-con e-child\" data-id=\"acc29d5\" data-element_type=\"container\" data-e-type=\"container\">\n\t\t<div class=\"elementor-element elementor-element-4aed693 e-con-full e-flex e-con e-child\" data-id=\"4aed693\" data-element_type=\"container\" data-e-type=\"container\">\n\t\t\t\t<div class=\"elementor-element elementor-element-da131fa elementor-widget elementor-widget-image\" data-id=\"da131fa\" data-element_type=\"widget\" data-e-type=\"widget\" data-widget_type=\"image.default\">\n\t\t\t\t<div class=\"elementor-widget-container\">\n\t\t\t\t\t\t\t\t\t\t\t\t\t\t\t<img decoding=\"async\" width=\"273\" height=\"450\" src=\"https:\/\/www.spine-center-rischke.ch\/wp-content\/uploads\/2025\/11\/HWS-2-1.jpg\" class=\"attachment-large size-large wp-image-8742\" alt=\"\" srcset=\"https:\/\/www.spine-center-rischke.ch\/wp-content\/uploads\/2025\/11\/HWS-2-1.jpg 273w, https:\/\/www.spine-center-rischke.ch\/wp-content\/uploads\/2025\/11\/HWS-2-1-182x300.jpg 182w, https:\/\/www.spine-center-rischke.ch\/wp-content\/uploads\/2025\/11\/HWS-2-1-7x12.jpg 7w\" sizes=\"(max-width: 273px) 100vw, 273px\" \/>\t\t\t\t\t\t\t\t\t\t\t\t\t\t\t<\/div>\n\t\t\t\t<\/div>\n\t\t\t\t<div class=\"elementor-element elementor-element-ab6f5b1 elementor-widget elementor-widget-text-editor\" data-id=\"ab6f5b1\" data-element_type=\"widget\" data-e-type=\"widget\" data-widget_type=\"text-editor.default\">\n\t\t\t\t<div class=\"elementor-widget-container\">\n\t\t\t\t\t\t\t\t\tbefore surgery, side view       \t\t\t\t\t\t\t\t<\/div>\n\t\t\t\t<\/div>\n\t\t\t\t<\/div>\n\t\t<div class=\"elementor-element elementor-element-d907447 e-con-full e-flex e-con e-child\" data-id=\"d907447\" data-element_type=\"container\" data-e-type=\"container\">\n\t\t\t\t<div class=\"elementor-element elementor-element-c84733f elementor-widget elementor-widget-image\" data-id=\"c84733f\" data-element_type=\"widget\" data-e-type=\"widget\" data-widget_type=\"image.default\">\n\t\t\t\t<div class=\"elementor-widget-container\">\n\t\t\t\t\t\t\t\t\t\t\t\t\t\t\t<img decoding=\"async\" width=\"301\" height=\"450\" src=\"https:\/\/www.spine-center-rischke.ch\/wp-content\/uploads\/2025\/11\/2.jpg\" class=\"attachment-large size-large wp-image-8743\" alt=\"\" srcset=\"https:\/\/www.spine-center-rischke.ch\/wp-content\/uploads\/2025\/11\/2.jpg 301w, https:\/\/www.spine-center-rischke.ch\/wp-content\/uploads\/2025\/11\/2-201x300.jpg 201w, https:\/\/www.spine-center-rischke.ch\/wp-content\/uploads\/2025\/11\/2-8x12.jpg 8w\" sizes=\"(max-width: 301px) 100vw, 301px\" \/>\t\t\t\t\t\t\t\t\t\t\t\t\t\t\t<\/div>\n\t\t\t\t<\/div>\n\t\t\t\t<div class=\"elementor-element elementor-element-556c868 elementor-widget elementor-widget-text-editor\" data-id=\"556c868\" data-element_type=\"widget\" data-e-type=\"widget\" data-widget_type=\"text-editor.default\">\n\t\t\t\t<div class=\"elementor-widget-container\">\n\t\t\t\t\t\t\t\t\tafter surgery on the side\t\t\t\t\t\t\t\t<\/div>\n\t\t\t\t<\/div>\n\t\t\t\t<\/div>\n\t\t<div class=\"elementor-element elementor-element-349859f e-con-full e-flex e-con e-child\" data-id=\"349859f\" data-element_type=\"container\" data-e-type=\"container\">\n\t\t\t\t<div class=\"elementor-element elementor-element-60fe613 elementor-widget elementor-widget-image\" data-id=\"60fe613\" data-element_type=\"widget\" data-e-type=\"widget\" data-widget_type=\"image.default\">\n\t\t\t\t<div class=\"elementor-widget-container\">\n\t\t\t\t\t\t\t\t\t\t\t\t\t\t\t<img loading=\"lazy\" decoding=\"async\" width=\"302\" height=\"450\" src=\"https:\/\/www.spine-center-rischke.ch\/wp-content\/uploads\/2025\/11\/HWS-1.jpg\" class=\"attachment-large size-large wp-image-8744\" alt=\"\" srcset=\"https:\/\/www.spine-center-rischke.ch\/wp-content\/uploads\/2025\/11\/HWS-1.jpg 302w, https:\/\/www.spine-center-rischke.ch\/wp-content\/uploads\/2025\/11\/HWS-1-201x300.jpg 201w, https:\/\/www.spine-center-rischke.ch\/wp-content\/uploads\/2025\/11\/HWS-1-8x12.jpg 8w\" sizes=\"(max-width: 302px) 100vw, 302px\" \/>\t\t\t\t\t\t\t\t\t\t\t\t\t\t\t<\/div>\n\t\t\t\t<\/div>\n\t\t\t\t<div class=\"elementor-element elementor-element-87d7aba elementor-widget elementor-widget-text-editor\" data-id=\"87d7aba\" data-element_type=\"widget\" data-e-type=\"widget\" data-widget_type=\"text-editor.default\">\n\t\t\t\t<div class=\"elementor-widget-container\">\n\t\t\t\t\t\t\t\t\tbefore surgery, front    \t\t\t\t\t\t\t\t<\/div>\n\t\t\t\t<\/div>\n\t\t\t\t<\/div>\n\t\t<div class=\"elementor-element elementor-element-e69d106 e-con-full e-flex e-con e-child\" data-id=\"e69d106\" data-element_type=\"container\" data-e-type=\"container\">\n\t\t\t\t<div class=\"elementor-element elementor-element-0373396 elementor-widget elementor-widget-image\" data-id=\"0373396\" data-element_type=\"widget\" data-e-type=\"widget\" data-widget_type=\"image.default\">\n\t\t\t\t<div class=\"elementor-widget-container\">\n\t\t\t\t\t\t\t\t\t\t\t\t\t\t\t<img loading=\"lazy\" decoding=\"async\" width=\"267\" height=\"450\" src=\"https:\/\/www.spine-center-rischke.ch\/wp-content\/uploads\/2025\/11\/HWS3.jpg\" class=\"attachment-large size-large wp-image-8745\" alt=\"\" srcset=\"https:\/\/www.spine-center-rischke.ch\/wp-content\/uploads\/2025\/11\/HWS3.jpg 267w, https:\/\/www.spine-center-rischke.ch\/wp-content\/uploads\/2025\/11\/HWS3-178x300.jpg 178w, https:\/\/www.spine-center-rischke.ch\/wp-content\/uploads\/2025\/11\/HWS3-7x12.jpg 7w\" sizes=\"(max-width: 267px) 100vw, 267px\" \/>\t\t\t\t\t\t\t\t\t\t\t\t\t\t\t<\/div>\n\t\t\t\t<\/div>\n\t\t\t\t<div class=\"elementor-element elementor-element-7e48213 elementor-widget elementor-widget-text-editor\" data-id=\"7e48213\" data-element_type=\"widget\" data-e-type=\"widget\" data-widget_type=\"text-editor.default\">\n\t\t\t\t<div class=\"elementor-widget-container\">\n\t\t\t\t\t\t\t\t\tafter surgery on the side\t\t\t\t\t\t\t\t<\/div>\n\t\t\t\t<\/div>\n\t\t\t\t<\/div>\n\t\t\t\t<\/div>\n\t\t\t\t<\/div>\n\t\t\t\t<\/div>\n\t\t\t\t<\/div>\n\t\t\t\t<\/div>\n\t\t\t\t<\/div>","protected":false},"excerpt":{"rendered":"<p>Cervical disc prosthesis The implantation of a disc prosthesis is a globally recognised method for treating symptomatic degenerative disc disease. With the innovative viscoelastic disc prosthesis (VTDR), an implant has been available for several years that has the advantage over other implants in that its design ideally mimics the function of the natural disc. Furthermore, this...<\/p>","protected":false},"author":1,"featured_media":0,"parent":5417,"menu_order":0,"comment_status":"closed","ping_status":"closed","template":"elementor_theme","meta":{"_kad_post_transparent":"default","_kad_post_title":"hide","_kad_post_layout":"fullwidth","_kad_post_sidebar_id":"","_kad_post_content_style":"unboxed","_kad_post_vertical_padding":"hide","_kad_post_feature":"hide","_kad_post_feature_position":"","_kad_post_header":false,"_kad_post_footer":false,"_kad_post_classname":"","footnotes":""},"class_list":["post-8736","page","type-page","status-publish","hentry"],"yoast_head":"<!-- This site is optimized with the Yoast SEO plugin v27.4 - https:\/\/yoast.com\/product\/yoast-seo-wordpress\/ -->\n<title>Bandscheibenprothese HWS Z\u00fcrich | Spine Center Rischke<\/title>\n<meta name=\"description\" content=\"Bandscheibenprothese HWS im Wirbels\u00e4ulenzentrum Z\u00fcrich! Bewegungserhaltend und minimal-invasiv! \u00bb Jetzt Termin vereinbaren: \u260e +41 43 538 45 14\" \/>\n<meta name=\"robots\" content=\"index, follow, max-snippet:-1, max-image-preview:large, max-video-preview:-1\" \/>\n<link rel=\"canonical\" href=\"https:\/\/www.spine-center-rischke.ch\/en\/treatments\/cervical-disc-prosthesis\/\" \/>\n<meta property=\"og:locale\" content=\"en_GB\" \/>\n<meta property=\"og:type\" content=\"article\" \/>\n<meta property=\"og:title\" content=\"Bandscheibenprothese HWS Z\u00fcrich | Spine Center Rischke\" \/>\n<meta property=\"og:description\" content=\"Bandscheibenprothese HWS im Wirbels\u00e4ulenzentrum Z\u00fcrich! Bewegungserhaltend und minimal-invasiv! \u00bb Jetzt Termin vereinbaren: \u260e +41 43 538 45 14\" \/>\n<meta property=\"og:url\" content=\"https:\/\/www.spine-center-rischke.ch\/en\/treatments\/cervical-disc-prosthesis\/\" \/>\n<meta property=\"og:site_name\" content=\"Spine Center Rischke\" \/>\n<meta property=\"article:modified_time\" content=\"2026-02-25T13:40:08+00:00\" \/>\n<meta property=\"og:image\" content=\"https:\/\/www.spine-center-rischke.ch\/wp-content\/uploads\/2025\/11\/CP-ESP.jpg\" \/>\n<meta name=\"twitter:card\" content=\"summary_large_image\" \/>\n<meta name=\"twitter:label1\" content=\"Est. reading time\" \/>\n\t<meta name=\"twitter:data1\" content=\"3 minutes\" \/>\n<script type=\"application\/ld+json\" class=\"yoast-schema-graph\">{\"@context\":\"https:\\\/\\\/schema.org\",\"@graph\":[{\"@type\":\"WebPage\",\"@id\":\"https:\\\/\\\/www.spine-center-rischke.ch\\\/behandlungen\\\/bandscheibenprothese-hws\\\/\",\"url\":\"https:\\\/\\\/www.spine-center-rischke.ch\\\/behandlungen\\\/bandscheibenprothese-hws\\\/\",\"name\":\"Bandscheibenprothese HWS Z\u00fcrich | Spine Center Rischke\",\"isPartOf\":{\"@id\":\"https:\\\/\\\/www.spine-center-rischke.ch\\\/#website\"},\"primaryImageOfPage\":{\"@id\":\"https:\\\/\\\/www.spine-center-rischke.ch\\\/behandlungen\\\/bandscheibenprothese-hws\\\/#primaryimage\"},\"image\":{\"@id\":\"https:\\\/\\\/www.spine-center-rischke.ch\\\/behandlungen\\\/bandscheibenprothese-hws\\\/#primaryimage\"},\"thumbnailUrl\":\"https:\\\/\\\/www.spine-center-rischke.ch\\\/wp-content\\\/uploads\\\/2025\\\/11\\\/CP-ESP.jpg\",\"datePublished\":\"2025-11-24T15:03:52+00:00\",\"dateModified\":\"2026-02-25T13:40:08+00:00\",\"description\":\"Bandscheibenprothese HWS im Wirbels\u00e4ulenzentrum Z\u00fcrich! Bewegungserhaltend und minimal-invasiv! \u00bb Jetzt Termin vereinbaren: \u260e +41 43 538 45 14\",\"breadcrumb\":{\"@id\":\"https:\\\/\\\/www.spine-center-rischke.ch\\\/behandlungen\\\/bandscheibenprothese-hws\\\/#breadcrumb\"},\"inLanguage\":\"en-GB\",\"potentialAction\":[{\"@type\":\"ReadAction\",\"target\":[\"https:\\\/\\\/www.spine-center-rischke.ch\\\/behandlungen\\\/bandscheibenprothese-hws\\\/\"]}]},{\"@type\":\"ImageObject\",\"inLanguage\":\"en-GB\",\"@id\":\"https:\\\/\\\/www.spine-center-rischke.ch\\\/behandlungen\\\/bandscheibenprothese-hws\\\/#primaryimage\",\"url\":\"https:\\\/\\\/www.spine-center-rischke.ch\\\/wp-content\\\/uploads\\\/2025\\\/11\\\/CP-ESP.jpg\",\"contentUrl\":\"https:\\\/\\\/www.spine-center-rischke.ch\\\/wp-content\\\/uploads\\\/2025\\\/11\\\/CP-ESP.jpg\"},{\"@type\":\"BreadcrumbList\",\"@id\":\"https:\\\/\\\/www.spine-center-rischke.ch\\\/behandlungen\\\/bandscheibenprothese-hws\\\/#breadcrumb\",\"itemListElement\":[{\"@type\":\"ListItem\",\"position\":1,\"name\":\"Startseite\",\"item\":\"https:\\\/\\\/www.spine-center-rischke.ch\\\/\"},{\"@type\":\"ListItem\",\"position\":2,\"name\":\"Behandlungen\",\"item\":\"https:\\\/\\\/www.spine-center-rischke.ch\\\/behandlungen\\\/\"},{\"@type\":\"ListItem\",\"position\":3,\"name\":\"Bandscheibenprothese HWS\"}]},{\"@type\":\"WebSite\",\"@id\":\"https:\\\/\\\/www.spine-center-rischke.ch\\\/#website\",\"url\":\"https:\\\/\\\/www.spine-center-rischke.ch\\\/\",\"name\":\"Spine Center Rischke\",\"description\":\"Kompetenzzentrum f\u00fcr bewegungserhaltende Wirbels\u00e4ulenchirurgie\",\"publisher\":{\"@id\":\"https:\\\/\\\/www.spine-center-rischke.ch\\\/#organization\"},\"potentialAction\":[{\"@type\":\"SearchAction\",\"target\":{\"@type\":\"EntryPoint\",\"urlTemplate\":\"https:\\\/\\\/www.spine-center-rischke.ch\\\/?s={search_term_string}\"},\"query-input\":{\"@type\":\"PropertyValueSpecification\",\"valueRequired\":true,\"valueName\":\"search_term_string\"}}],\"inLanguage\":\"en-GB\"},{\"@type\":\"Organization\",\"@id\":\"https:\\\/\\\/www.spine-center-rischke.ch\\\/#organization\",\"name\":\"Spine Center Rischke\",\"url\":\"https:\\\/\\\/www.spine-center-rischke.ch\\\/\",\"logo\":{\"@type\":\"ImageObject\",\"inLanguage\":\"en-GB\",\"@id\":\"https:\\\/\\\/www.spine-center-rischke.ch\\\/#\\\/schema\\\/logo\\\/image\\\/\",\"url\":\"https:\\\/\\\/www.spine-center-rischke.ch\\\/wp-content\\\/uploads\\\/2025\\\/07\\\/LOGO_SCR_20151.png\",\"contentUrl\":\"https:\\\/\\\/www.spine-center-rischke.ch\\\/wp-content\\\/uploads\\\/2025\\\/07\\\/LOGO_SCR_20151.png\",\"width\":600,\"height\":121,\"caption\":\"Spine Center Rischke\"},\"image\":{\"@id\":\"https:\\\/\\\/www.spine-center-rischke.ch\\\/#\\\/schema\\\/logo\\\/image\\\/\"}}]}<\/script>\n<!-- \/ Yoast SEO plugin. -->","yoast_head_json":{"title":"Cervical spine disc prosthesis Zurich | Spine Center Rischke","description":"Cervical spine disc prosthesis at the Zurich Spine Centre! Motion-preserving and minimally invasive! \u00bb Make an appointment now: \u260e +41 43 538 45 14","robots":{"index":"index","follow":"follow","max-snippet":"max-snippet:-1","max-image-preview":"max-image-preview:large","max-video-preview":"max-video-preview:-1"},"canonical":"https:\/\/www.spine-center-rischke.ch\/en\/treatments\/cervical-disc-prosthesis\/","og_locale":"en_GB","og_type":"article","og_title":"Bandscheibenprothese HWS Z\u00fcrich | Spine Center Rischke","og_description":"Bandscheibenprothese HWS im Wirbels\u00e4ulenzentrum Z\u00fcrich! Bewegungserhaltend und minimal-invasiv! \u00bb Jetzt Termin vereinbaren: \u260e +41 43 538 45 14","og_url":"https:\/\/www.spine-center-rischke.ch\/en\/treatments\/cervical-disc-prosthesis\/","og_site_name":"Spine Center Rischke","article_modified_time":"2026-02-25T13:40:08+00:00","og_image":[{"url":"https:\/\/www.spine-center-rischke.ch\/wp-content\/uploads\/2025\/11\/CP-ESP.jpg","type":"","width":"","height":""}],"twitter_card":"summary_large_image","twitter_misc":{"Est. reading time":"3 minutes"},"schema":{"@context":"https:\/\/schema.org","@graph":[{"@type":"WebPage","@id":"https:\/\/www.spine-center-rischke.ch\/behandlungen\/bandscheibenprothese-hws\/","url":"https:\/\/www.spine-center-rischke.ch\/behandlungen\/bandscheibenprothese-hws\/","name":"Cervical spine disc prosthesis Zurich | Spine Center Rischke","isPartOf":{"@id":"https:\/\/www.spine-center-rischke.ch\/#website"},"primaryImageOfPage":{"@id":"https:\/\/www.spine-center-rischke.ch\/behandlungen\/bandscheibenprothese-hws\/#primaryimage"},"image":{"@id":"https:\/\/www.spine-center-rischke.ch\/behandlungen\/bandscheibenprothese-hws\/#primaryimage"},"thumbnailUrl":"https:\/\/www.spine-center-rischke.ch\/wp-content\/uploads\/2025\/11\/CP-ESP.jpg","datePublished":"2025-11-24T15:03:52+00:00","dateModified":"2026-02-25T13:40:08+00:00","description":"Cervical spine disc prosthesis at the Zurich Spine Centre! Motion-preserving and minimally invasive! \u00bb Make an appointment now: \u260e +41 43 538 45 14","breadcrumb":{"@id":"https:\/\/www.spine-center-rischke.ch\/behandlungen\/bandscheibenprothese-hws\/#breadcrumb"},"inLanguage":"en-GB","potentialAction":[{"@type":"ReadAction","target":["https:\/\/www.spine-center-rischke.ch\/behandlungen\/bandscheibenprothese-hws\/"]}]},{"@type":"ImageObject","inLanguage":"en-GB","@id":"https:\/\/www.spine-center-rischke.ch\/behandlungen\/bandscheibenprothese-hws\/#primaryimage","url":"https:\/\/www.spine-center-rischke.ch\/wp-content\/uploads\/2025\/11\/CP-ESP.jpg","contentUrl":"https:\/\/www.spine-center-rischke.ch\/wp-content\/uploads\/2025\/11\/CP-ESP.jpg"},{"@type":"BreadcrumbList","@id":"https:\/\/www.spine-center-rischke.ch\/behandlungen\/bandscheibenprothese-hws\/#breadcrumb","itemListElement":[{"@type":"ListItem","position":1,"name":"Startseite","item":"https:\/\/www.spine-center-rischke.ch\/"},{"@type":"ListItem","position":2,"name":"Behandlungen","item":"https:\/\/www.spine-center-rischke.ch\/behandlungen\/"},{"@type":"ListItem","position":3,"name":"Bandscheibenprothese HWS"}]},{"@type":"WebSite","@id":"https:\/\/www.spine-center-rischke.ch\/#website","url":"https:\/\/www.spine-center-rischke.ch\/","name":"Spine Centre Rischke","description":"Centre of excellence for motion-preserving spinal surgery","publisher":{"@id":"https:\/\/www.spine-center-rischke.ch\/#organization"},"potentialAction":[{"@type":"SearchAction","target":{"@type":"EntryPoint","urlTemplate":"https:\/\/www.spine-center-rischke.ch\/?s={search_term_string}"},"query-input":{"@type":"PropertyValueSpecification","valueRequired":true,"valueName":"search_term_string"}}],"inLanguage":"en-GB"},{"@type":"Organization","@id":"https:\/\/www.spine-center-rischke.ch\/#organization","name":"Spine Centre Rischke","url":"https:\/\/www.spine-center-rischke.ch\/","logo":{"@type":"ImageObject","inLanguage":"en-GB","@id":"https:\/\/www.spine-center-rischke.ch\/#\/schema\/logo\/image\/","url":"https:\/\/www.spine-center-rischke.ch\/wp-content\/uploads\/2025\/07\/LOGO_SCR_20151.png","contentUrl":"https:\/\/www.spine-center-rischke.ch\/wp-content\/uploads\/2025\/07\/LOGO_SCR_20151.png","width":600,"height":121,"caption":"Spine Center Rischke"},"image":{"@id":"https:\/\/www.spine-center-rischke.ch\/#\/schema\/logo\/image\/"}}]}},"_links":{"self":[{"href":"https:\/\/www.spine-center-rischke.ch\/en\/wp-json\/wp\/v2\/pages\/8736","targetHints":{"allow":["GET"]}}],"collection":[{"href":"https:\/\/www.spine-center-rischke.ch\/en\/wp-json\/wp\/v2\/pages"}],"about":[{"href":"https:\/\/www.spine-center-rischke.ch\/en\/wp-json\/wp\/v2\/types\/page"}],"author":[{"embeddable":true,"href":"https:\/\/www.spine-center-rischke.ch\/en\/wp-json\/wp\/v2\/users\/1"}],"replies":[{"embeddable":true,"href":"https:\/\/www.spine-center-rischke.ch\/en\/wp-json\/wp\/v2\/comments?post=8736"}],"version-history":[{"count":22,"href":"https:\/\/www.spine-center-rischke.ch\/en\/wp-json\/wp\/v2\/pages\/8736\/revisions"}],"predecessor-version":[{"id":9948,"href":"https:\/\/www.spine-center-rischke.ch\/en\/wp-json\/wp\/v2\/pages\/8736\/revisions\/9948"}],"up":[{"embeddable":true,"href":"https:\/\/www.spine-center-rischke.ch\/en\/wp-json\/wp\/v2\/pages\/5417"}],"wp:attachment":[{"href":"https:\/\/www.spine-center-rischke.ch\/en\/wp-json\/wp\/v2\/media?parent=8736"}],"curies":[{"name":"wp","href":"https:\/\/api.w.org\/{rel}","templated":true}]}}