{"id":9071,"date":"2025-11-28T07:16:17","date_gmt":"2025-11-28T06:16:17","guid":{"rendered":"https:\/\/cms-webdesign.ch\/rischke\/?page_id=9071"},"modified":"2026-02-25T14:45:30","modified_gmt":"2026-02-25T13:45:30","slug":"international-patients","status":"publish","type":"page","link":"https:\/\/www.spine-center-rischke.ch\/en\/internationale-patienten\/","title":{"rendered":"International patients"},"content":{"rendered":"<div data-elementor-type=\"wp-page\" data-elementor-id=\"9071\" class=\"elementor elementor-9071\" data-elementor-post-type=\"page\">\n\t\t\t\t<div class=\"elementor-element elementor-element-96b438d e-con-full e-flex e-con e-parent\" data-id=\"96b438d\" data-element_type=\"container\" data-e-type=\"container\" data-settings=\"{&quot;background_background&quot;:&quot;classic&quot;}\">\n\t\t\t\t<\/div>\n\t\t<div class=\"elementor-element elementor-element-88c1b3a responsive-padding e-flex e-con-boxed e-con e-parent\" data-id=\"88c1b3a\" data-element_type=\"container\" data-e-type=\"container\">\n\t\t\t\t\t<div class=\"e-con-inner\">\n\t\t\t\t<div class=\"elementor-element elementor-element-970d5e2 elementor-widget elementor-widget-heading\" data-id=\"970d5e2\" data-element_type=\"widget\" data-e-type=\"widget\" data-widget_type=\"heading.default\">\n\t\t\t\t<div class=\"elementor-widget-container\">\n\t\t\t\t\t<h1 class=\"elementor-heading-title elementor-size-default\">International patients<\/h1>\t\t\t\t<\/div>\n\t\t\t\t<\/div>\n\t\t\t\t<div class=\"elementor-element elementor-element-e9a2993 elementor-widget elementor-widget-heading\" data-id=\"e9a2993\" data-element_type=\"widget\" data-e-type=\"widget\" data-widget_type=\"heading.default\">\n\t\t\t\t<div class=\"elementor-widget-container\">\n\t\t\t\t\t<h2 class=\"elementor-heading-title elementor-size-default\">This information is intended for patients<\/h2>\t\t\t\t<\/div>\n\t\t\t\t<\/div>\n\t\t\t\t<div class=\"elementor-element elementor-element-d01d9da elementor-widget elementor-widget-text-editor\" data-id=\"d01d9da\" data-element_type=\"widget\" data-e-type=\"widget\" data-widget_type=\"text-editor.default\">\n\t\t\t\t<div class=\"elementor-widget-container\">\n\t\t\t\t\t\t\t\t\t<ul>\n \t<li>with international health insurance and a place of residence abroad or in Switzerland<\/li>\n \t<li>with residence abroad and own assumption of costs<\/li>\n \t<li>with residence abroad and assumption of costs by an organisation or embassy<\/li>\n<\/ul>\n<h3>Transparency right from the start: Your personalised cost plan<\/h3>\nIn order to offer you full cost transparency, we create a detailed, individualised cost plan for the upcoming treatment based on your diagnosis and all relevant information.\n\nThis carefully calculated <strong>Cost estimate<\/strong> includes all relevant items:\n<ul>\n \t<li><strong>Evaluation of the findings:<\/strong> Analysis of your medical documents by our team of experts.<\/li>\n \t<li><strong>The treatment:<\/strong> All planned medical services.<\/li>\n \t<li><strong>Your stay:<\/strong> Accommodation in one of our contracted hospitals.<\/li>\n \t<li><strong>Aftercare:<\/strong> The costs for the necessary measures after the procedure.<\/li>\n<\/ul>\n<strong>This gives you a reliable basis for your decision.<\/strong>\n\n&nbsp;\n<h3>Cordial and service-orientated<\/h3>\n<strong>Concentrate fully on your recovery - we'll take care of everything else!<\/strong>\n\nWe want your journey to be as relaxed as possible. We are happy to provide you with comprehensive support:\n<ul>\n \t<li><strong>Travel planning:<\/strong> We can help you book your flight.<\/li>\n \t<li><strong>Accommodation:<\/strong> We support you in your search for suitable accommodation for you or your companion<\/li>\n<\/ul>\nThanks to our convenient location, you can reach us easily and conveniently.\t\t\t\t\t\t\t\t<\/div>\n\t\t\t\t<\/div>\n\t\t\t\t\t<\/div>\n\t\t\t\t<\/div>\n\t\t\t\t<\/div>","protected":false},"excerpt":{"rendered":"<p>This information is intended for patients with international health insurance and a place of residence abroad, or in Switzerland with a place of residence abroad and who are covering their own costs, or who have a place of residence abroad and whose costs are covered by an organisation or embassy. Transparency from the outset: your individual cost plan. In order to offer you full cost transparency, we create...<\/p>","protected":false},"author":1,"featured_media":0,"parent":0,"menu_order":0,"comment_status":"closed","ping_status":"closed","template":"elementor_header_footer","meta":{"_kad_post_transparent":"default","_kad_post_title":"hide","_kad_post_layout":"fullwidth","_kad_post_sidebar_id":"","_kad_post_content_style":"unboxed","_kad_post_vertical_padding":"hide","_kad_post_feature":"hide","_kad_post_feature_position":"","_kad_post_header":false,"_kad_post_footer":false,"_kad_post_classname":"","footnotes":""},"class_list":["post-9071","page","type-page","status-publish","hentry"],"yoast_head":"<!-- This site is optimized with the Yoast SEO plugin v27.4 - https:\/\/yoast.com\/product\/yoast-seo-wordpress\/ -->\n<title>Internationale Patienten | Spine Center Rischke<\/title>\n<meta name=\"description\" content=\"Wirbels\u00e4ulenbehandlung in Z\u00fcrich f\u00fcr internationale Patienten! Individuelle Betreuung und Kostenplan! \u00bb Jetzt Termin vereinbaren: \u260e +41 43 538 45 14\" \/>\n<meta name=\"robots\" content=\"index, follow, max-snippet:-1, max-image-preview:large, max-video-preview:-1\" \/>\n<link rel=\"canonical\" href=\"https:\/\/www.spine-center-rischke.ch\/en\/international-patients\/\" \/>\n<meta property=\"og:locale\" content=\"en_GB\" \/>\n<meta property=\"og:type\" content=\"article\" \/>\n<meta property=\"og:title\" content=\"Internationale Patienten | Spine Center Rischke\" \/>\n<meta property=\"og:description\" content=\"Wirbels\u00e4ulenbehandlung in Z\u00fcrich f\u00fcr internationale Patienten! Individuelle Betreuung und Kostenplan! \u00bb Jetzt Termin vereinbaren: \u260e +41 43 538 45 14\" \/>\n<meta property=\"og:url\" content=\"https:\/\/www.spine-center-rischke.ch\/en\/international-patients\/\" \/>\n<meta property=\"og:site_name\" content=\"Spine Center Rischke\" \/>\n<meta property=\"article:modified_time\" content=\"2026-02-25T13:45:30+00:00\" \/>\n<meta name=\"twitter:card\" content=\"summary_large_image\" \/>\n<meta name=\"twitter:label1\" content=\"Est. reading time\" \/>\n\t<meta name=\"twitter:data1\" content=\"2 minutes\" \/>\n<script type=\"application\/ld+json\" class=\"yoast-schema-graph\">{\"@context\":\"https:\\\/\\\/schema.org\",\"@graph\":[{\"@type\":\"WebPage\",\"@id\":\"https:\\\/\\\/www.spine-center-rischke.ch\\\/internationale-patienten\\\/\",\"url\":\"https:\\\/\\\/www.spine-center-rischke.ch\\\/internationale-patienten\\\/\",\"name\":\"Internationale Patienten | Spine Center Rischke\",\"isPartOf\":{\"@id\":\"https:\\\/\\\/www.spine-center-rischke.ch\\\/#website\"},\"datePublished\":\"2025-11-28T06:16:17+00:00\",\"dateModified\":\"2026-02-25T13:45:30+00:00\",\"description\":\"Wirbels\u00e4ulenbehandlung in Z\u00fcrich f\u00fcr internationale Patienten! Individuelle Betreuung und Kostenplan! \u00bb Jetzt Termin vereinbaren: \u260e +41 43 538 45 14\",\"breadcrumb\":{\"@id\":\"https:\\\/\\\/www.spine-center-rischke.ch\\\/internationale-patienten\\\/#breadcrumb\"},\"inLanguage\":\"en-GB\",\"potentialAction\":[{\"@type\":\"ReadAction\",\"target\":[\"https:\\\/\\\/www.spine-center-rischke.ch\\\/internationale-patienten\\\/\"]}]},{\"@type\":\"BreadcrumbList\",\"@id\":\"https:\\\/\\\/www.spine-center-rischke.ch\\\/internationale-patienten\\\/#breadcrumb\",\"itemListElement\":[{\"@type\":\"ListItem\",\"position\":1,\"name\":\"Startseite\",\"item\":\"https:\\\/\\\/www.spine-center-rischke.ch\\\/\"},{\"@type\":\"ListItem\",\"position\":2,\"name\":\"Internationale Patienten\"}]},{\"@type\":\"WebSite\",\"@id\":\"https:\\\/\\\/www.spine-center-rischke.ch\\\/#website\",\"url\":\"https:\\\/\\\/www.spine-center-rischke.ch\\\/\",\"name\":\"Spine Center Rischke\",\"description\":\"Kompetenzzentrum f\u00fcr bewegungserhaltende Wirbels\u00e4ulenchirurgie\",\"publisher\":{\"@id\":\"https:\\\/\\\/www.spine-center-rischke.ch\\\/#organization\"},\"potentialAction\":[{\"@type\":\"SearchAction\",\"target\":{\"@type\":\"EntryPoint\",\"urlTemplate\":\"https:\\\/\\\/www.spine-center-rischke.ch\\\/?s={search_term_string}\"},\"query-input\":{\"@type\":\"PropertyValueSpecification\",\"valueRequired\":true,\"valueName\":\"search_term_string\"}}],\"inLanguage\":\"en-GB\"},{\"@type\":\"Organization\",\"@id\":\"https:\\\/\\\/www.spine-center-rischke.ch\\\/#organization\",\"name\":\"Spine Center Rischke\",\"url\":\"https:\\\/\\\/www.spine-center-rischke.ch\\\/\",\"logo\":{\"@type\":\"ImageObject\",\"inLanguage\":\"en-GB\",\"@id\":\"https:\\\/\\\/www.spine-center-rischke.ch\\\/#\\\/schema\\\/logo\\\/image\\\/\",\"url\":\"https:\\\/\\\/www.spine-center-rischke.ch\\\/wp-content\\\/uploads\\\/2025\\\/07\\\/LOGO_SCR_20151.png\",\"contentUrl\":\"https:\\\/\\\/www.spine-center-rischke.ch\\\/wp-content\\\/uploads\\\/2025\\\/07\\\/LOGO_SCR_20151.png\",\"width\":600,\"height\":121,\"caption\":\"Spine Center Rischke\"},\"image\":{\"@id\":\"https:\\\/\\\/www.spine-center-rischke.ch\\\/#\\\/schema\\\/logo\\\/image\\\/\"}}]}<\/script>\n<!-- \/ Yoast SEO plugin. -->","yoast_head_json":{"title":"International Patients | Spine Centre Rischke","description":"Spinal treatment in Zurich for international patients! Personalised care and cost plan! \u00bb Make an appointment now: \u260e +41 43 538 45 14","robots":{"index":"index","follow":"follow","max-snippet":"max-snippet:-1","max-image-preview":"max-image-preview:large","max-video-preview":"max-video-preview:-1"},"canonical":"https:\/\/www.spine-center-rischke.ch\/en\/international-patients\/","og_locale":"en_GB","og_type":"article","og_title":"Internationale Patienten | Spine Center Rischke","og_description":"Wirbels\u00e4ulenbehandlung in Z\u00fcrich f\u00fcr internationale Patienten! Individuelle Betreuung und Kostenplan! \u00bb Jetzt Termin vereinbaren: \u260e +41 43 538 45 14","og_url":"https:\/\/www.spine-center-rischke.ch\/en\/international-patients\/","og_site_name":"Spine Center Rischke","article_modified_time":"2026-02-25T13:45:30+00:00","twitter_card":"summary_large_image","twitter_misc":{"Est. reading time":"2 minutes"},"schema":{"@context":"https:\/\/schema.org","@graph":[{"@type":"WebPage","@id":"https:\/\/www.spine-center-rischke.ch\/internationale-patienten\/","url":"https:\/\/www.spine-center-rischke.ch\/internationale-patienten\/","name":"International Patients | Spine Centre Rischke","isPartOf":{"@id":"https:\/\/www.spine-center-rischke.ch\/#website"},"datePublished":"2025-11-28T06:16:17+00:00","dateModified":"2026-02-25T13:45:30+00:00","description":"Spinal treatment in Zurich for international patients! Personalised care and cost plan! \u00bb Make an appointment now: \u260e +41 43 538 45 14","breadcrumb":{"@id":"https:\/\/www.spine-center-rischke.ch\/internationale-patienten\/#breadcrumb"},"inLanguage":"en-GB","potentialAction":[{"@type":"ReadAction","target":["https:\/\/www.spine-center-rischke.ch\/internationale-patienten\/"]}]},{"@type":"BreadcrumbList","@id":"https:\/\/www.spine-center-rischke.ch\/internationale-patienten\/#breadcrumb","itemListElement":[{"@type":"ListItem","position":1,"name":"Startseite","item":"https:\/\/www.spine-center-rischke.ch\/"},{"@type":"ListItem","position":2,"name":"Internationale Patienten"}]},{"@type":"WebSite","@id":"https:\/\/www.spine-center-rischke.ch\/#website","url":"https:\/\/www.spine-center-rischke.ch\/","name":"Spine Centre Rischke","description":"Centre of excellence for motion-preserving spinal surgery","publisher":{"@id":"https:\/\/www.spine-center-rischke.ch\/#organization"},"potentialAction":[{"@type":"SearchAction","target":{"@type":"EntryPoint","urlTemplate":"https:\/\/www.spine-center-rischke.ch\/?s={search_term_string}"},"query-input":{"@type":"PropertyValueSpecification","valueRequired":true,"valueName":"search_term_string"}}],"inLanguage":"en-GB"},{"@type":"Organization","@id":"https:\/\/www.spine-center-rischke.ch\/#organization","name":"Spine Centre Rischke","url":"https:\/\/www.spine-center-rischke.ch\/","logo":{"@type":"ImageObject","inLanguage":"en-GB","@id":"https:\/\/www.spine-center-rischke.ch\/#\/schema\/logo\/image\/","url":"https:\/\/www.spine-center-rischke.ch\/wp-content\/uploads\/2025\/07\/LOGO_SCR_20151.png","contentUrl":"https:\/\/www.spine-center-rischke.ch\/wp-content\/uploads\/2025\/07\/LOGO_SCR_20151.png","width":600,"height":121,"caption":"Spine Center Rischke"},"image":{"@id":"https:\/\/www.spine-center-rischke.ch\/#\/schema\/logo\/image\/"}}]}},"_links":{"self":[{"href":"https:\/\/www.spine-center-rischke.ch\/en\/wp-json\/wp\/v2\/pages\/9071","targetHints":{"allow":["GET"]}}],"collection":[{"href":"https:\/\/www.spine-center-rischke.ch\/en\/wp-json\/wp\/v2\/pages"}],"about":[{"href":"https:\/\/www.spine-center-rischke.ch\/en\/wp-json\/wp\/v2\/types\/page"}],"author":[{"embeddable":true,"href":"https:\/\/www.spine-center-rischke.ch\/en\/wp-json\/wp\/v2\/users\/1"}],"replies":[{"embeddable":true,"href":"https:\/\/www.spine-center-rischke.ch\/en\/wp-json\/wp\/v2\/comments?post=9071"}],"version-history":[{"count":88,"href":"https:\/\/www.spine-center-rischke.ch\/en\/wp-json\/wp\/v2\/pages\/9071\/revisions"}],"predecessor-version":[{"id":9995,"href":"https:\/\/www.spine-center-rischke.ch\/en\/wp-json\/wp\/v2\/pages\/9071\/revisions\/9995"}],"wp:attachment":[{"href":"https:\/\/www.spine-center-rischke.ch\/en\/wp-json\/wp\/v2\/media?parent=9071"}],"curies":[{"name":"wp","href":"https:\/\/api.w.org\/{rel}","templated":true}]}}