{"id":9334,"date":"2025-11-28T11:13:22","date_gmt":"2025-11-28T10:13:22","guid":{"rendered":"https:\/\/cms-webdesign.ch\/rischke\/?page_id=9334"},"modified":"2026-02-25T14:40:42","modified_gmt":"2026-02-25T13:40:42","slug":"lumbar-disc-prosthesis","status":"publish","type":"page","link":"https:\/\/www.spine-center-rischke.ch\/en\/behandlungen\/bandscheibenprothese-lws\/","title":{"rendered":"Lumbar spine disc prosthesis"},"content":{"rendered":"<div data-elementor-type=\"wp-page\" data-elementor-id=\"9334\" class=\"elementor elementor-9334\" data-elementor-post-type=\"page\">\n\t\t\t\t<div class=\"elementor-element elementor-element-55c6147 e-con-full e-flex e-con e-parent\" data-id=\"55c6147\" data-element_type=\"container\" data-e-type=\"container\" data-settings=\"{&quot;background_background&quot;:&quot;classic&quot;}\">\n\t\t<div class=\"elementor-element elementor-element-6006b11 e-con-full e-flex e-con e-child\" data-id=\"6006b11\" data-element_type=\"container\" data-e-type=\"container\" data-settings=\"{&quot;background_background&quot;:&quot;classic&quot;}\">\n\t\t<div class=\"elementor-element elementor-element-1604a1a e-con-full e-flex e-con e-child\" data-id=\"1604a1a\" data-element_type=\"container\" data-e-type=\"container\">\n\t\t<div class=\"elementor-element elementor-element-a0f87b1 e-con-full e-flex e-con e-child\" data-id=\"a0f87b1\" data-element_type=\"container\" data-e-type=\"container\">\n\t\t<div class=\"elementor-element elementor-element-be9c1e0 e-con-full e-flex e-con e-child\" data-id=\"be9c1e0\" data-element_type=\"container\" data-e-type=\"container\" data-settings=\"{&quot;background_background&quot;:&quot;classic&quot;}\">\n\t\t\t\t<\/div>\n\t\t\t\t<\/div>\n\t\t<div class=\"elementor-element elementor-element-10c4573 e-con-full e-flex e-con e-child\" data-id=\"10c4573\" data-element_type=\"container\" data-e-type=\"container\">\n\t\t\t\t<div class=\"elementor-element elementor-element-63e58f5 elementor-widget elementor-widget-heading\" data-id=\"63e58f5\" data-element_type=\"widget\" data-e-type=\"widget\" data-widget_type=\"heading.default\">\n\t\t\t\t<div class=\"elementor-widget-container\">\n\t\t\t\t\t<h1 class=\"elementor-heading-title elementor-size-default\">Lumbar spine disc prosthesis\n<\/h1>\t\t\t\t<\/div>\n\t\t\t\t<\/div>\n\t\t\t\t<div class=\"elementor-element elementor-element-725c20e elementor-widget elementor-widget-text-editor\" data-id=\"725c20e\" data-element_type=\"widget\" data-e-type=\"widget\" data-widget_type=\"text-editor.default\">\n\t\t\t\t<div class=\"elementor-widget-container\">\n\t\t\t\t\t\t\t\t\tDisc endoprosthetics \u2013 a surgical method for the spine that preserves movement and function The implantation of a disc prosthesis is a globally recognised method for treating symptomatic degenerative disc disease. Conservative therapy should be attempted for at least 6 months beforehand. If this is unsuccessful, or if uncontrollable pain or nerve disorders occur, health insurance companies in Switzerland will cover the cost of the operation, provided that no more than two intervertebral discs are affected and there is no primary osteoarthritis of the facet joints. The operation is performed under general anaesthesia through the abdominal wall. Depending on the type and height of the diseased intervertebral discs, access to the spine is gained either via a transverse incision in the lower abdomen or a longitudinal incision in the skin of approx. 4-6 cm. As a rule, the peritoneum remains closed so that damage to the intestines and abdominal organs can be avoided. After the large vessels and nerves located at the front of the spine \u2013 the abdominal aorta and vena cava \u2013 have been carefully moved to the side, the corresponding disc is exposed. The anterior longitudinal ligament or disc ring is opened and the defective disc is completely removed. \t\t\t\t\t\t\t\t<\/div>\n\t\t\t\t<\/div>\n\t\t\t\t<div class=\"elementor-element elementor-element-53a3cd4 elementor-widget elementor-widget-image\" data-id=\"53a3cd4\" data-element_type=\"widget\" data-e-type=\"widget\" data-widget_type=\"image.default\">\n\t\t\t\t<div class=\"elementor-widget-container\">\n\t\t\t\t\t\t\t\t\t\t\t\t\t\t\t<img decoding=\"async\" width=\"300\" height=\"142\" src=\"https:\/\/www.spine-center-rischke.ch\/wp-content\/uploads\/2025\/11\/bandscheibe-lws1.gif\" class=\"attachment-full size-full wp-image-9337\" alt=\"\" \/>\t\t\t\t\t\t\t\t\t\t\t\t\t\t\t<\/div>\n\t\t\t\t<\/div>\n\t\t\t\t<div class=\"elementor-element elementor-element-a510c40 elementor-widget elementor-widget-text-editor\" data-id=\"a510c40\" data-element_type=\"widget\" data-e-type=\"widget\" data-widget_type=\"text-editor.default\">\n\t\t\t\t<div class=\"elementor-widget-container\">\n\t\t\t\t\t\t\t\t\t<p>The visco-elastic disc prosthesis (VTDR) is a new visco-elastic disc prosthesis that is used in cases of disc degeneration. The unique design of this latest generation prosthesis has the following advantages: - Restoration of normal mobility and strength of the affected motion segment. - True-to-life 3D imitation of the human intervertebral disc. - Normal cushioning effect as with the natural intervertebral disc. - Full load-bearing capacity of the spine. - Restoration of the natural function of vertebral joints, muscles, ligaments and tendons.<\/p>\t\t\t\t\t\t\t\t<\/div>\n\t\t\t\t<\/div>\n\t\t\t\t<div class=\"elementor-element elementor-element-6e81521 elementor-widget elementor-widget-image\" data-id=\"6e81521\" data-element_type=\"widget\" data-e-type=\"widget\" data-widget_type=\"image.default\">\n\t\t\t\t<div class=\"elementor-widget-container\">\n\t\t\t\t\t\t\t\t\t\t\t\t\t\t\t<img fetchpriority=\"high\" decoding=\"async\" width=\"491\" height=\"297\" src=\"https:\/\/www.spine-center-rischke.ch\/wp-content\/uploads\/2025\/11\/bandscheibe-lws2.jpg\" class=\"attachment-full size-full wp-image-9338\" alt=\"\" srcset=\"https:\/\/www.spine-center-rischke.ch\/wp-content\/uploads\/2025\/11\/bandscheibe-lws2.jpg 491w, https:\/\/www.spine-center-rischke.ch\/wp-content\/uploads\/2025\/11\/bandscheibe-lws2-300x181.jpg 300w, https:\/\/www.spine-center-rischke.ch\/wp-content\/uploads\/2025\/11\/bandscheibe-lws2-18x12.jpg 18w\" sizes=\"(max-width: 491px) 100vw, 491px\" \/>\t\t\t\t\t\t\t\t\t\t\t\t\t\t\t<\/div>\n\t\t\t\t<\/div>\n\t\t\t\t<div class=\"elementor-element elementor-element-0143e70 elementor-widget elementor-widget-text-editor\" data-id=\"0143e70\" data-element_type=\"widget\" data-e-type=\"widget\" data-widget_type=\"text-editor.default\">\n\t\t\t\t<div class=\"elementor-widget-container\">\n\t\t\t\t\t\t\t\t\tVTDR consists of two titanium end plates and an elastic core that is firmly welded to the end plates. The elastic polyurethane-silicone core allows free movement in all directions. It is able to absorb shock and distribute weight naturally, with the material designed in such a way that the elastic core becomes stiffer and firmer as the pressure increases. In this way, the load on the spine is absorbed in the same way as a natural intervertebral disc.\t\t\t\t\t\t\t\t<\/div>\n\t\t\t\t<\/div>\n\t\t<div class=\"elementor-element elementor-element-8731a90 e-con-full e-flex e-con e-child\" data-id=\"8731a90\" data-element_type=\"container\" data-e-type=\"container\">\n\t\t<div class=\"elementor-element elementor-element-8c8c5db e-con-full e-flex e-con e-child\" data-id=\"8c8c5db\" data-element_type=\"container\" data-e-type=\"container\">\n\t\t\t\t<div class=\"elementor-element elementor-element-e562038 elementor-widget elementor-widget-image\" data-id=\"e562038\" data-element_type=\"widget\" data-e-type=\"widget\" data-widget_type=\"image.default\">\n\t\t\t\t<div class=\"elementor-widget-container\">\n\t\t\t\t\t\t\t\t\t\t\t\t\t\t\t<img decoding=\"async\" width=\"373\" height=\"674\" src=\"https:\/\/www.spine-center-rischke.ch\/wp-content\/uploads\/2025\/11\/bandscheibe-lws3.jpg\" class=\"attachment-full size-full wp-image-9339\" alt=\"\" srcset=\"https:\/\/www.spine-center-rischke.ch\/wp-content\/uploads\/2025\/11\/bandscheibe-lws3.jpg 373w, https:\/\/www.spine-center-rischke.ch\/wp-content\/uploads\/2025\/11\/bandscheibe-lws3-166x300.jpg 166w, https:\/\/www.spine-center-rischke.ch\/wp-content\/uploads\/2025\/11\/bandscheibe-lws3-7x12.jpg 7w\" sizes=\"(max-width: 373px) 100vw, 373px\" \/>\t\t\t\t\t\t\t\t\t\t\t\t\t\t\t<\/div>\n\t\t\t\t<\/div>\n\t\t\t\t<\/div>\n\t\t<div class=\"elementor-element elementor-element-b269bb7 e-con-full e-flex e-con e-child\" data-id=\"b269bb7\" data-element_type=\"container\" data-e-type=\"container\">\n\t\t\t\t<div class=\"elementor-element elementor-element-b9bd48d elementor-widget elementor-widget-text-editor\" data-id=\"b9bd48d\" data-element_type=\"widget\" data-e-type=\"widget\" data-widget_type=\"text-editor.default\">\n\t\t\t\t<div class=\"elementor-widget-container\">\n\t\t\t\t\t\t\t\t\tImplantation of two viscoelastic disc prostheses between the fourth and fifth lumbar vertebrae and between the fifth lumbar vertebra and sacrum\n\n\t\t\t\t\t\t\t\t<\/div>\n\t\t\t\t<\/div>\n\t\t\t\t<\/div>\n\t\t\t\t<\/div>\n\t\t\t\t<div class=\"elementor-element elementor-element-981b2cc elementor-widget elementor-widget-heading\" data-id=\"981b2cc\" data-element_type=\"widget\" data-e-type=\"widget\" data-widget_type=\"heading.default\">\n\t\t\t\t<div class=\"elementor-widget-container\">\n\t\t\t\t\t<h2 class=\"elementor-heading-title elementor-size-default\">What happens after the operation?<\/h2>\t\t\t\t<\/div>\n\t\t\t\t<\/div>\n\t\t\t\t<div class=\"elementor-element elementor-element-5cf5cfa elementor-widget elementor-widget-text-editor\" data-id=\"5cf5cfa\" data-element_type=\"widget\" data-e-type=\"widget\" data-widget_type=\"text-editor.default\">\n\t\t\t\t<div class=\"elementor-widget-container\">\n\t\t\t\t\t\t\t\t\t<p>You will remain in hospital for a few days after the operation. This is usually around 3\u20134 days after an operation on the cervical spine and around 6\u20137 days after an operation on the lumbar spine. As the prosthesis is normally immediately stable in terms of movement and pressure, you will be allowed to get up just one day after the procedure. In contrast to fusion surgery, you may sit during this time, but you should avoid leaning forward under stress, hyperextension, lifting heavy objects and abrupt twisting of the spine. However, \u201cnatural\u201d movements are permitted. This is followed by special follow-up treatment (physiotherapy, mobilisation, muscle building, etc.). After approximately 3 months, the prosthesis is usually firmly integrated into the bone. This is checked during a follow-up examination using X-rays. Mandatory follow-up examinations and documentation of findings in the SWISS Spine Register are carried out at regular intervals, guaranteeing you the greatest possible safety and care with this surgical method.<\/p>\t\t\t\t\t\t\t\t<\/div>\n\t\t\t\t<\/div>\n\t\t\t\t<div class=\"elementor-element elementor-element-b602b7e elementor-widget elementor-widget-text-editor\" data-id=\"b602b7e\" data-element_type=\"widget\" data-e-type=\"widget\" data-widget_type=\"text-editor.default\">\n\t\t\t\t<div class=\"elementor-widget-container\">\n\t\t\t\t\t\t\t\t\t<p><strong>References<\/strong><\/p>\n<p><em>Berg, Js., Anthony, T., Bruski, R., et al. (2009) Total Disc Replacement Compared to Lumbar Fusion: a Randomised Level I trial With 24 Year Follow Up, Eurosurgery Spine, Volume 18, Issue 10, pages 515-524; Publisher: Springer Berlin Heidelberg New York<\/em><\/p>\n<p><em>Zigler, Seiderman R., Isaacs R.E. et al. (2011) Results of the Prospective, Randomised, Multicentre Food and Drug Administration Investigational Device Exemption Study of the ProDisc-L Total Disc Replacement versus Circumferential Fusion for the Treatment of 1-Level Degenerative Disc Disease, Spine, Volume 13, Issue 5, Pages 501-511<\/em><\/p>\n<p><em>Aesculap Implant Systems, Volume 18, Issue 01, Page 02 \u2013 86), Springer Med Verlag Berlin Heidelberg New York<\/em><\/p>\n<p><em>Fernstr\u00f6m, U. (1966) Arthroplasty with intercorporal endoprosthesis in herniated disc and in painful disc. Acta Chir Scand Suppl., 357:154-159, Acta Chirurgica Scandinavica<\/em><\/p>\n<p><em>Single-Level Lumbar Disc\/Spondylolisthesis; Back Pain With Total Disc Arthroplasty Utilising the ProDisc-LPSPN, Volume 31, Number 10, Barnes, Page 1659\u201368, Lippincott Willkins &amp; Wilkins Inc., Philadelphia<\/em><\/p>\n<p><em>Zigler, H. E. d\u2019Altri, H. E., Smoot, B. R., et al. (2013) Results of the Prospective, Randomised, Multicentre Food and Drug Administration Investigational Device Exemption Study of the ProDisc-C Total Disc Replacement versus Anterior Discectomy and Fusion for the Treatment of 1-Level Symptomatic Cervical Disc Disease, Spine Journal, Volume 13, Issue 10, Pages 1370-1378<\/em><\/p>\t\t\t\t\t\t\t\t<\/div>\n\t\t\t\t<\/div>\n\t\t\t\t<div class=\"elementor-element elementor-element-4bc1d78 elementor-widget elementor-widget-shortcode\" data-id=\"4bc1d78\" data-element_type=\"widget\" data-e-type=\"widget\" data-widget_type=\"shortcode.default\">\n\t\t\t\t<div class=\"elementor-widget-container\">\n\t\t\t\t\t\t\t<div class=\"elementor-shortcode\"><script type=\"application\/ld+json\">{\n    \"@context\": \"https:\\\/\\\/schema.org\",\n    \"@type\": \"MedicalWebPage\",\n    \"url\": \"https:\\\/\\\/www.spine-center-rischke.ch\\\/behandlungen\\\/bandscheibenprothese-lws\\\/\",\n    \"lastReviewed\": \"2025-01-01\",\n    \"reviewedBy\": {\n        \"@type\": \"Physician\",\n        \"@id\": \"https:\\\/\\\/www.spine-center-rischke.ch\\\/prof-dr-med-b-rischke-phd\\\/#physician\",\n        \"name\": \"Prof. Dr. med. B. Rischke PhD\"\n    },\n    \"mainEntity\": {\n        \"@type\": \"SurgicalProcedure\",\n        \"@id\": \"https:\\\/\\\/www.spine-center-rischke.ch\\\/behandlungen\\\/bandscheibenprothese-lws\\\/#procedure\",\n        \"name\": \"Bandscheibenprothese LWS\",\n        \"alternateName\": \"Lumbale Bandscheiben-Endoprothetik\",\n        \"description\": \"Implantation einer Bandscheibenprothese an der Lendenwirbels\\u00e4ule. Die Operation wird durch die Bauchdecke durchgef\\u00fchrt und die defekte Bandscheibe durch ein bewegungserhaltendes Implantat ersetzt. Ziel ist der Erhalt der nat\\u00fcrlichen Beweglichkeit und Funktion der Lendenwirbels\\u00e4ule.\",\n        \"bodyLocation\": \"Lendenwirbels\\u00e4ule (LWS)\",\n        \"howPerformed\": \"Operation in Vollnarkose \\u00fcber einen Unterbauchquerschnitt oder L\\u00e4ngsschnitt (ca. 4-6 cm). Nach vorsichtigem Freilegen der Bandscheibe wird diese komplett entfernt und durch eine Endoprothese ersetzt.\",\n        \"preparation\": \"Mindestens 6-monatige konservative Therapie vor einer operativen Indikation. Maximal zwei betroffene Bandscheiben, keine prim\\u00e4re Facettengelenkarthrose.\"\n    }\n}<\/script><\/div>\n\t\t\t\t\t\t<\/div>\n\t\t\t\t<\/div>\n\t\t\t\t<\/div>\n\t\t\t\t<\/div>\n\t\t\t\t<\/div>\n\t\t\t\t<\/div>\n\t\t\t\t<\/div>","protected":false},"excerpt":{"rendered":"<p>Lumbar disc prosthesis Intervertebral disc endoprosthetics - a surgical method for the spine that preserves movement and function The implantation of an intervertebral disc prosthesis is a globally recognised method for treating symptomatic degenerative disc disease. At least 6 months of conservative therapy should be tried first. If this is unsuccessful, or if uncontrollable pain or nerve disorders occur, then the patient's...<\/p>","protected":false},"author":1,"featured_media":0,"parent":5417,"menu_order":0,"comment_status":"closed","ping_status":"closed","template":"elementor_theme","meta":{"_kad_post_transparent":"default","_kad_post_title":"hide","_kad_post_layout":"fullwidth","_kad_post_sidebar_id":"","_kad_post_content_style":"unboxed","_kad_post_vertical_padding":"hide","_kad_post_feature":"hide","_kad_post_feature_position":"","_kad_post_header":false,"_kad_post_footer":false,"_kad_post_classname":"","footnotes":""},"class_list":["post-9334","page","type-page","status-publish","hentry"],"yoast_head":"<!-- This site is optimized with the Yoast SEO plugin v27.4 - https:\/\/yoast.com\/product\/yoast-seo-wordpress\/ -->\n<title>Bandscheibenprothese LWS Z\u00fcrich | Spine Center Rischke<\/title>\n<meta name=\"description\" content=\"Bandscheibenprothese LWS im Wirbels\u00e4ulenzentrum Z\u00fcrich! Funktion und Beweglichkeit erhalten! \u00bb Jetzt Termin vereinbaren: \u260e +41 43 538 45 14\" \/>\n<meta name=\"robots\" content=\"index, follow, max-snippet:-1, max-image-preview:large, max-video-preview:-1\" \/>\n<link rel=\"canonical\" href=\"https:\/\/www.spine-center-rischke.ch\/en\/treatments\/lumbar-disc-prosthesis\/\" \/>\n<meta property=\"og:locale\" content=\"en_GB\" \/>\n<meta property=\"og:type\" content=\"article\" \/>\n<meta property=\"og:title\" content=\"Bandscheibenprothese LWS Z\u00fcrich | Spine Center Rischke\" \/>\n<meta property=\"og:description\" content=\"Bandscheibenprothese LWS im Wirbels\u00e4ulenzentrum Z\u00fcrich! Funktion und Beweglichkeit erhalten! \u00bb Jetzt Termin vereinbaren: \u260e +41 43 538 45 14\" \/>\n<meta property=\"og:url\" content=\"https:\/\/www.spine-center-rischke.ch\/en\/treatments\/lumbar-disc-prosthesis\/\" \/>\n<meta property=\"og:site_name\" content=\"Spine Center Rischke\" \/>\n<meta property=\"article:modified_time\" content=\"2026-02-25T13:40:42+00:00\" \/>\n<meta property=\"og:image\" content=\"https:\/\/www.spine-center-rischke.ch\/wp-content\/uploads\/2025\/11\/bandscheibe-lws1.gif\" \/>\n<meta name=\"twitter:card\" content=\"summary_large_image\" \/>\n<meta name=\"twitter:label1\" content=\"Est. reading time\" \/>\n\t<meta name=\"twitter:data1\" content=\"5 minutes\" \/>\n<script type=\"application\/ld+json\" class=\"yoast-schema-graph\">{\"@context\":\"https:\\\/\\\/schema.org\",\"@graph\":[{\"@type\":\"WebPage\",\"@id\":\"https:\\\/\\\/www.spine-center-rischke.ch\\\/behandlungen\\\/bandscheibenprothese-lws\\\/\",\"url\":\"https:\\\/\\\/www.spine-center-rischke.ch\\\/behandlungen\\\/bandscheibenprothese-lws\\\/\",\"name\":\"Bandscheibenprothese LWS Z\u00fcrich | Spine Center Rischke\",\"isPartOf\":{\"@id\":\"https:\\\/\\\/www.spine-center-rischke.ch\\\/#website\"},\"primaryImageOfPage\":{\"@id\":\"https:\\\/\\\/www.spine-center-rischke.ch\\\/behandlungen\\\/bandscheibenprothese-lws\\\/#primaryimage\"},\"image\":{\"@id\":\"https:\\\/\\\/www.spine-center-rischke.ch\\\/behandlungen\\\/bandscheibenprothese-lws\\\/#primaryimage\"},\"thumbnailUrl\":\"https:\\\/\\\/www.spine-center-rischke.ch\\\/wp-content\\\/uploads\\\/2025\\\/11\\\/bandscheibe-lws1.gif\",\"datePublished\":\"2025-11-28T10:13:22+00:00\",\"dateModified\":\"2026-02-25T13:40:42+00:00\",\"description\":\"Bandscheibenprothese LWS im Wirbels\u00e4ulenzentrum Z\u00fcrich! Funktion und Beweglichkeit erhalten! \u00bb Jetzt Termin vereinbaren: \u260e +41 43 538 45 14\",\"breadcrumb\":{\"@id\":\"https:\\\/\\\/www.spine-center-rischke.ch\\\/behandlungen\\\/bandscheibenprothese-lws\\\/#breadcrumb\"},\"inLanguage\":\"en-GB\",\"potentialAction\":[{\"@type\":\"ReadAction\",\"target\":[\"https:\\\/\\\/www.spine-center-rischke.ch\\\/behandlungen\\\/bandscheibenprothese-lws\\\/\"]}]},{\"@type\":\"ImageObject\",\"inLanguage\":\"en-GB\",\"@id\":\"https:\\\/\\\/www.spine-center-rischke.ch\\\/behandlungen\\\/bandscheibenprothese-lws\\\/#primaryimage\",\"url\":\"https:\\\/\\\/www.spine-center-rischke.ch\\\/wp-content\\\/uploads\\\/2025\\\/11\\\/bandscheibe-lws1.gif\",\"contentUrl\":\"https:\\\/\\\/www.spine-center-rischke.ch\\\/wp-content\\\/uploads\\\/2025\\\/11\\\/bandscheibe-lws1.gif\"},{\"@type\":\"BreadcrumbList\",\"@id\":\"https:\\\/\\\/www.spine-center-rischke.ch\\\/behandlungen\\\/bandscheibenprothese-lws\\\/#breadcrumb\",\"itemListElement\":[{\"@type\":\"ListItem\",\"position\":1,\"name\":\"Startseite\",\"item\":\"https:\\\/\\\/www.spine-center-rischke.ch\\\/\"},{\"@type\":\"ListItem\",\"position\":2,\"name\":\"Behandlungen\",\"item\":\"https:\\\/\\\/www.spine-center-rischke.ch\\\/behandlungen\\\/\"},{\"@type\":\"ListItem\",\"position\":3,\"name\":\"Bandscheibenprothese LWS\"}]},{\"@type\":\"WebSite\",\"@id\":\"https:\\\/\\\/www.spine-center-rischke.ch\\\/#website\",\"url\":\"https:\\\/\\\/www.spine-center-rischke.ch\\\/\",\"name\":\"Spine Center Rischke\",\"description\":\"Kompetenzzentrum f\u00fcr bewegungserhaltende Wirbels\u00e4ulenchirurgie\",\"publisher\":{\"@id\":\"https:\\\/\\\/www.spine-center-rischke.ch\\\/#organization\"},\"potentialAction\":[{\"@type\":\"SearchAction\",\"target\":{\"@type\":\"EntryPoint\",\"urlTemplate\":\"https:\\\/\\\/www.spine-center-rischke.ch\\\/?s={search_term_string}\"},\"query-input\":{\"@type\":\"PropertyValueSpecification\",\"valueRequired\":true,\"valueName\":\"search_term_string\"}}],\"inLanguage\":\"en-GB\"},{\"@type\":\"Organization\",\"@id\":\"https:\\\/\\\/www.spine-center-rischke.ch\\\/#organization\",\"name\":\"Spine Center Rischke\",\"url\":\"https:\\\/\\\/www.spine-center-rischke.ch\\\/\",\"logo\":{\"@type\":\"ImageObject\",\"inLanguage\":\"en-GB\",\"@id\":\"https:\\\/\\\/www.spine-center-rischke.ch\\\/#\\\/schema\\\/logo\\\/image\\\/\",\"url\":\"https:\\\/\\\/www.spine-center-rischke.ch\\\/wp-content\\\/uploads\\\/2025\\\/07\\\/LOGO_SCR_20151.png\",\"contentUrl\":\"https:\\\/\\\/www.spine-center-rischke.ch\\\/wp-content\\\/uploads\\\/2025\\\/07\\\/LOGO_SCR_20151.png\",\"width\":600,\"height\":121,\"caption\":\"Spine Center Rischke\"},\"image\":{\"@id\":\"https:\\\/\\\/www.spine-center-rischke.ch\\\/#\\\/schema\\\/logo\\\/image\\\/\"}}]}<\/script>\n<!-- \/ Yoast SEO plugin. -->","yoast_head_json":{"title":"Lumbar spine disc prosthesis Zurich | Spine Center Rischke","description":"Lumbar spine disc prosthesis at the Zurich Spine Centre! Maintain function and mobility! \u00bb Make an appointment now: \u260e +41 43 538 45 14","robots":{"index":"index","follow":"follow","max-snippet":"max-snippet:-1","max-image-preview":"max-image-preview:large","max-video-preview":"max-video-preview:-1"},"canonical":"https:\/\/www.spine-center-rischke.ch\/en\/treatments\/lumbar-disc-prosthesis\/","og_locale":"en_GB","og_type":"article","og_title":"Bandscheibenprothese LWS Z\u00fcrich | Spine Center Rischke","og_description":"Bandscheibenprothese LWS im Wirbels\u00e4ulenzentrum Z\u00fcrich! Funktion und Beweglichkeit erhalten! \u00bb Jetzt Termin vereinbaren: \u260e +41 43 538 45 14","og_url":"https:\/\/www.spine-center-rischke.ch\/en\/treatments\/lumbar-disc-prosthesis\/","og_site_name":"Spine Center Rischke","article_modified_time":"2026-02-25T13:40:42+00:00","og_image":[{"url":"https:\/\/www.spine-center-rischke.ch\/wp-content\/uploads\/2025\/11\/bandscheibe-lws1.gif","type":"","width":"","height":""}],"twitter_card":"summary_large_image","twitter_misc":{"Est. reading time":"5 minutes"},"schema":{"@context":"https:\/\/schema.org","@graph":[{"@type":"WebPage","@id":"https:\/\/www.spine-center-rischke.ch\/behandlungen\/bandscheibenprothese-lws\/","url":"https:\/\/www.spine-center-rischke.ch\/behandlungen\/bandscheibenprothese-lws\/","name":"Lumbar spine disc prosthesis Zurich | Spine Center Rischke","isPartOf":{"@id":"https:\/\/www.spine-center-rischke.ch\/#website"},"primaryImageOfPage":{"@id":"https:\/\/www.spine-center-rischke.ch\/behandlungen\/bandscheibenprothese-lws\/#primaryimage"},"image":{"@id":"https:\/\/www.spine-center-rischke.ch\/behandlungen\/bandscheibenprothese-lws\/#primaryimage"},"thumbnailUrl":"https:\/\/www.spine-center-rischke.ch\/wp-content\/uploads\/2025\/11\/bandscheibe-lws1.gif","datePublished":"2025-11-28T10:13:22+00:00","dateModified":"2026-02-25T13:40:42+00:00","description":"Lumbar spine disc prosthesis at the Zurich Spine Centre! Maintain function and mobility! \u00bb Make an appointment now: \u260e +41 43 538 45 14","breadcrumb":{"@id":"https:\/\/www.spine-center-rischke.ch\/behandlungen\/bandscheibenprothese-lws\/#breadcrumb"},"inLanguage":"en-GB","potentialAction":[{"@type":"ReadAction","target":["https:\/\/www.spine-center-rischke.ch\/behandlungen\/bandscheibenprothese-lws\/"]}]},{"@type":"ImageObject","inLanguage":"en-GB","@id":"https:\/\/www.spine-center-rischke.ch\/behandlungen\/bandscheibenprothese-lws\/#primaryimage","url":"https:\/\/www.spine-center-rischke.ch\/wp-content\/uploads\/2025\/11\/bandscheibe-lws1.gif","contentUrl":"https:\/\/www.spine-center-rischke.ch\/wp-content\/uploads\/2025\/11\/bandscheibe-lws1.gif"},{"@type":"BreadcrumbList","@id":"https:\/\/www.spine-center-rischke.ch\/behandlungen\/bandscheibenprothese-lws\/#breadcrumb","itemListElement":[{"@type":"ListItem","position":1,"name":"Startseite","item":"https:\/\/www.spine-center-rischke.ch\/"},{"@type":"ListItem","position":2,"name":"Behandlungen","item":"https:\/\/www.spine-center-rischke.ch\/behandlungen\/"},{"@type":"ListItem","position":3,"name":"Bandscheibenprothese LWS"}]},{"@type":"WebSite","@id":"https:\/\/www.spine-center-rischke.ch\/#website","url":"https:\/\/www.spine-center-rischke.ch\/","name":"Spine Centre Rischke","description":"Centre of excellence for motion-preserving spinal surgery","publisher":{"@id":"https:\/\/www.spine-center-rischke.ch\/#organization"},"potentialAction":[{"@type":"SearchAction","target":{"@type":"EntryPoint","urlTemplate":"https:\/\/www.spine-center-rischke.ch\/?s={search_term_string}"},"query-input":{"@type":"PropertyValueSpecification","valueRequired":true,"valueName":"search_term_string"}}],"inLanguage":"en-GB"},{"@type":"Organization","@id":"https:\/\/www.spine-center-rischke.ch\/#organization","name":"Spine Centre Rischke","url":"https:\/\/www.spine-center-rischke.ch\/","logo":{"@type":"ImageObject","inLanguage":"en-GB","@id":"https:\/\/www.spine-center-rischke.ch\/#\/schema\/logo\/image\/","url":"https:\/\/www.spine-center-rischke.ch\/wp-content\/uploads\/2025\/07\/LOGO_SCR_20151.png","contentUrl":"https:\/\/www.spine-center-rischke.ch\/wp-content\/uploads\/2025\/07\/LOGO_SCR_20151.png","width":600,"height":121,"caption":"Spine Center Rischke"},"image":{"@id":"https:\/\/www.spine-center-rischke.ch\/#\/schema\/logo\/image\/"}}]}},"_links":{"self":[{"href":"https:\/\/www.spine-center-rischke.ch\/en\/wp-json\/wp\/v2\/pages\/9334","targetHints":{"allow":["GET"]}}],"collection":[{"href":"https:\/\/www.spine-center-rischke.ch\/en\/wp-json\/wp\/v2\/pages"}],"about":[{"href":"https:\/\/www.spine-center-rischke.ch\/en\/wp-json\/wp\/v2\/types\/page"}],"author":[{"embeddable":true,"href":"https:\/\/www.spine-center-rischke.ch\/en\/wp-json\/wp\/v2\/users\/1"}],"replies":[{"embeddable":true,"href":"https:\/\/www.spine-center-rischke.ch\/en\/wp-json\/wp\/v2\/comments?post=9334"}],"version-history":[{"count":22,"href":"https:\/\/www.spine-center-rischke.ch\/en\/wp-json\/wp\/v2\/pages\/9334\/revisions"}],"predecessor-version":[{"id":9960,"href":"https:\/\/www.spine-center-rischke.ch\/en\/wp-json\/wp\/v2\/pages\/9334\/revisions\/9960"}],"up":[{"embeddable":true,"href":"https:\/\/www.spine-center-rischke.ch\/en\/wp-json\/wp\/v2\/pages\/5417"}],"wp:attachment":[{"href":"https:\/\/www.spine-center-rischke.ch\/en\/wp-json\/wp\/v2\/media?parent=9334"}],"curies":[{"name":"wp","href":"https:\/\/api.w.org\/{rel}","templated":true}]}}